{"id":3779,"date":"2019-09-14T04:04:40","date_gmt":"2019-09-14T04:04:40","guid":{"rendered":"https:\/\/childrensrightsup.eu\/?page_id=3779"},"modified":"2023-02-10T10:16:53","modified_gmt":"2023-02-10T10:16:53","slug":"ko-smo","status":"publish","type":"page","link":"https:\/\/childrensrightsup.eu\/sr\/ko-smo\/","title":{"rendered":"KO SMO"},"content":{"rendered":"\t\t<div data-elementor-type=\"wp-page\" data-elementor-id=\"3779\" class=\"elementor elementor-3779 elementor-274\">\n\t\t\t\t\t\t<section class=\"elementor-section elementor-top-section elementor-element elementor-element-e2b42c3 elementor-section-boxed elementor-section-height-default elementor-section-height-default\" data-id=\"e2b42c3\" data-element_type=\"section\">\n\t\t\t\t\t\t<div class=\"elementor-container elementor-column-gap-default\">\n\t\t\t\t\t<div class=\"elementor-column elementor-col-100 elementor-top-column elementor-element elementor-element-f985e13\" data-id=\"f985e13\" data-element_type=\"column\">\n\t\t\t<div class=\"elementor-widget-wrap elementor-element-populated\">\n\t\t\t\t\t\t<div class=\"elementor-element elementor-element-d696bbb elementor-widget elementor-widget-text-editor\" data-id=\"d696bbb\" data-element_type=\"widget\" data-widget_type=\"text-editor.default\">\n\t\t\t\t<div class=\"elementor-widget-container\">\n\t\t\t\t\t\t\tOvaj projekat je nastao iz saradnje pet razli\u010ditih organizacija iz cele Evrope. Zajedno smo radili u svakoj fazi i na svakom materijalu tokom projekta, doprinose\u0107i i dodaju\u0107i razli\u010dite perspektive, ta\u010dke gledi\u0161ta i znanje.\t\t\t\t\t\t<\/div>\n\t\t\t\t<\/div>\n\t\t\t\t\t<\/div>\n\t\t<\/div>\n\t\t\t\t\t<\/div>\n\t\t<\/section>\n\t\t\t\t<section class=\"elementor-section elementor-top-section elementor-element elementor-element-550607c elementor-section-stretched elementor-section-full_width elementor-section-height-default elementor-section-height-default\" data-id=\"550607c\" data-element_type=\"section\" data-settings=\"{&quot;stretch_section&quot;:&quot;section-stretched&quot;}\">\n\t\t\t\t\t\t<div class=\"elementor-container elementor-column-gap-default\">\n\t\t\t\t\t<div class=\"elementor-column elementor-col-100 elementor-top-column elementor-element elementor-element-90ea1f4 no-resources\" data-id=\"90ea1f4\" data-element_type=\"column\">\n\t\t\t<div class=\"elementor-widget-wrap elementor-element-populated\">\n\t\t\t\t\t\t<div class=\"elementor-element elementor-element-3b95097 elementor-widget elementor-widget-parent_info\" data-id=\"3b95097\" data-element_type=\"widget\" data-widget_type=\"parent_info.default\">\n\t\t\t\t<div class=\"elementor-widget-container\">\n\t\t\t        <!-- Begin Parent Info -->\r\n        <section class=\"parent-info-section pt-xs-30 pt-md-60 pb-xs-50 pb-md-70 pb-lg-120\">\r\n            <div class=\"container\">\r\n                <div class=\"row\">\r\n                    <div class=\"col-12\">\r\n                        <div class=\"section-header mb-xs-30 mb-md-31\">\r\n                            <p class=\"h-sub\">\r\n                                                            <\/p>\r\n                            <h2>\r\n                                                            <\/h2>\r\n                            <p>\r\n                                                            <\/p>\r\n                        <\/div>\r\n                        <ul class=\"parent-info-list\">\r\n                                                                <li>\r\n                                        <div class=\"parent-info-item\">\r\n                                            <div class=\"parent-info-image\">\r\n                                                <img decoding=\"async\" src=\"https:\/\/childrensrightsup.eu\/wp-content\/themes\/childit\/assets\/img\/lazy.png\" class=\"lazy\" data-src=\"https:\/\/childrensrightsup.eu\/wp-content\/uploads\/2022\/05\/FVB_logo.png\" alt=\"img\">\r\n                                            <\/div>\r\n                                            <div class=\"parent-info-text\">\r\n                                                <div class=\"parent-title\"><span class=\"parent-title__ico\">\r\n                                                        <img decoding=\"async\" src=\"https:\/\/childrensrightsup.eu\/wp-content\/themes\/childit\/assets\/img\/lazy.png\" class=\"lazy\" data-src=\"https:\/\/childrensrightsup.eu\/wp-content\/themes\/childit\/assets\/img\/check.svg\" alt=\"img\"><\/span> <h5><A HREF=\"https:\/\/www.fbernadet.org\/\">Viki Bernadet fondacija<\/A><\/h5><\/div>\r\n                                                <p>Viki Bernadet fondacija (FVB) je \u0161panska organizacija sa prepoznatim ugledom i nacionalnom referencom u spre\u010davanju i adresiranju seksualnog nasilja nad decom. Visoko je specijalizovana organizacija na polju seksualnog zlostavljanja dece sa vi\u0161e od 20 godina radnog iskustva.<\/p>\r\n                                            <\/div>\r\n                                        <\/div>\r\n                                    <\/li>\r\n                                                                        <li>\r\n                                        <div class=\"parent-info-item\">\r\n                                            <div class=\"parent-info-image\">\r\n                                                <img decoding=\"async\" src=\"https:\/\/childrensrightsup.eu\/wp-content\/themes\/childit\/assets\/img\/lazy.png\" class=\"lazy\" data-src=\"https:\/\/childrensrightsup.eu\/wp-content\/uploads\/2022\/05\/EFS_logo.png\" alt=\"img\">\r\n                                            <\/div>\r\n                                            <div class=\"parent-info-text\">\r\n                                                <div class=\"parent-title\"><span class=\"parent-title__ico\">\r\n                                                        <img decoding=\"async\" src=\"https:\/\/childrensrightsup.eu\/wp-content\/themes\/childit\/assets\/img\/lazy.png\" class=\"lazy\" data-src=\"https:\/\/childrensrightsup.eu\/wp-content\/themes\/childit\/assets\/img\/check.svg\" alt=\"img\"><\/span> <h5><A HREF=\"http:\/\/www.europeansexology.com\">Evropska federacija seksologije<\/A> <\/h5><\/div>\r\n                                                <p>Evropska federacija seksologije (EFS) je evropska federacija koja se bavi \u0161irenjem informacija istra\u017eivanjem seksualnosti i seksualnog obrazovanja. Federacija ima iskustva u obrazovnim programima na evropskom nivou i razvija ih imaju\u0107i u vidu vrednosti Evropske unije po pitanjima seksualnosti.<\/p>\r\n                                            <\/div>\r\n                                        <\/div>\r\n                                    <\/li>\r\n                                                                        <li>\r\n                                        <div class=\"parent-info-item\">\r\n                                            <div class=\"parent-info-image\">\r\n                                                <img decoding=\"async\" src=\"https:\/\/childrensrightsup.eu\/wp-content\/themes\/childit\/assets\/img\/lazy.png\" class=\"lazy\" data-src=\"https:\/\/childrensrightsup.eu\/wp-content\/uploads\/2022\/05\/EPA_logo.jpg\" alt=\"img\">\r\n                                            <\/div>\r\n                                            <div class=\"parent-info-text\">\r\n                                                <div class=\"parent-title\"><span class=\"parent-title__ico\">\r\n                                                        <img decoding=\"async\" src=\"https:\/\/childrensrightsup.eu\/wp-content\/themes\/childit\/assets\/img\/lazy.png\" class=\"lazy\" data-src=\"https:\/\/childrensrightsup.eu\/wp-content\/themes\/childit\/assets\/img\/check.svg\" alt=\"img\"><\/span> <h5><A HREF=\"https:\/\/europarents.eu\">Evropska asocijacija roditelja<\/A> <\/h5><\/div>\r\n                                                <p>Evropska asocijacija roditelja  (EPA)je evropska asocijacija sa sedi\u0161tem u Briselu koja okuplja udru\u017eenja roditelja u Evropi, \u0161to zajedno predstavlja vi\u0161e od 150 miliona o\u010deva i majki. Uklju\u010duje viziju porodice (u svim svojim razli\u010ditostima) u svaki projekat u koji se uklju\u010duje.<\/p>\r\n                                            <\/div>\r\n                                        <\/div>\r\n                                    <\/li>\r\n                                                                        <li>\r\n                                        <div class=\"parent-info-item\">\r\n                                            <div class=\"parent-info-image\">\r\n                                                <img decoding=\"async\" src=\"https:\/\/childrensrightsup.eu\/wp-content\/themes\/childit\/assets\/img\/lazy.png\" class=\"lazy\" data-src=\"https:\/\/childrensrightsup.eu\/wp-content\/uploads\/2022\/05\/CCE_logo.jpeg\" alt=\"img\">\r\n                                            <\/div>\r\n                                            <div class=\"parent-info-text\">\r\n                                                <div class=\"parent-title\"><span class=\"parent-title__ico\">\r\n                                                        <img decoding=\"async\" src=\"https:\/\/childrensrightsup.eu\/wp-content\/themes\/childit\/assets\/img\/lazy.png\" class=\"lazy\" data-src=\"https:\/\/childrensrightsup.eu\/wp-content\/themes\/childit\/assets\/img\/check.svg\" alt=\"img\"><\/span> <h5><A HREF=\"https:\/\/www.ccefinland.org\/\">Savet za kreativno obrazovanje<\/A><\/h5><\/div>\r\n                                                <p>Savet za kreativno obrazovanje (CCE) je finska organizacija specijalizovana za obrazovni sektor. Nudi obuke preko interneta o pred\u0161kolskom obrazovanju baziranom na novim ve\u0161tinama u 21-om veku i iz perspektive po\u0161tovanja i susretanja potreba dece.<\/p>\r\n                                            <\/div>\r\n                                        <\/div>\r\n                                    <\/li>\r\n                                                                        <li>\r\n                                        <div class=\"parent-info-item\">\r\n                                            <div class=\"parent-info-image\">\r\n                                                <img decoding=\"async\" src=\"https:\/\/childrensrightsup.eu\/wp-content\/themes\/childit\/assets\/img\/lazy.png\" class=\"lazy\" data-src=\"https:\/\/childrensrightsup.eu\/wp-content\/uploads\/2022\/05\/NAONO_logo.png\" alt=\"img\">\r\n                                            <\/div>\r\n                                            <div class=\"parent-info-text\">\r\n                                                <div class=\"parent-title\"><span class=\"parent-title__ico\">\r\n                                                        <img decoding=\"async\" src=\"https:\/\/childrensrightsup.eu\/wp-content\/themes\/childit\/assets\/img\/lazy.png\" class=\"lazy\" data-src=\"https:\/\/childrensrightsup.eu\/wp-content\/themes\/childit\/assets\/img\/check.svg\" alt=\"img\"><\/span> <h5><A HREF=\"https:\/\/naono.es\">Naono<\/A><\/h5><\/div>\r\n                                                <p>Naono je \u0161panska organizacija koja ima 20 godina iskustva u izdava\u010dkom sektoru i ekspert je za dizajn i konceptualizaciju obrazovnih proizvoda i publikacija. Ima mnogo iskustva u radu na projektima koji imaju socijalne ciljeve.<\/p>\r\n                                            <\/div>\r\n                                        <\/div>\r\n                                    <\/li>\r\n                                                            <\/ul>\r\n                        <div class=\"parent-resources-wrap pt-50\">\r\n                            <div class=\"section-header mb-xs-30 mb-md-31\">\r\n                                <h3>\r\n                                                                    <\/h3>\r\n                                <p>\r\n                                                                    <\/p>\r\n                            <\/div>\r\n                            <ul class=\"resources-list\">\r\n                                                                        <li>\r\n                                            <div class=\"resources-block\">\r\n                                                <div class=\"resources-img\">\r\n                                                    <img decoding=\"async\" src=\"https:\/\/childrensrightsup.eu\/wp-content\/themes\/childit\/assets\/img\/lazy.png\" class=\"lazy resource-ico\" data-src=\"\" alt=\"img\">\r\n                                                    <img decoding=\"async\" src=\"https:\/\/childrensrightsup.eu\/wp-content\/themes\/childit\/assets\/img\/lazy.png\" class=\"lazy cloud\" data-src=\"https:\/\/childrensrightsup.eu\/wp-content\/themes\/childit\/assets\/img\/cloud-small.svg\" alt=\"img\">\r\n                                                <\/div>\r\n                                                <div class=\"resources-text\">\r\n                                                    <p><\/p>\r\n                                                    <a href=\"#\"><img decoding=\"async\" src=\"https:\/\/childrensrightsup.eu\/wp-content\/themes\/childit\/assets\/img\/lazy.png\" class=\"lazy\" data-src=\"https:\/\/childrensrightsup.eu\/wp-content\/themes\/childit\/assets\/img\/pdf-ico.svg\" alt=\"img\">download<\/a>\r\n                                                <\/div>\r\n                                            <\/div>\r\n                                        <\/li>\r\n                                                                    <\/ul>\r\n                        <\/div>\r\n                    <\/div>\r\n                <\/div>\r\n            <\/div>\r\n        <\/section>\r\n        <!-- End Parent Info -->\r\n        \t\t<\/div>\n\t\t\t\t<\/div>\n\t\t\t\t\t<\/div>\n\t\t<\/div>\n\t\t\t\t\t<\/div>\n\t\t<\/section>\n\t\t\t\t<\/div>\n\t\t","protected":false},"excerpt":{"rendered":"<p>Ovaj projekat je nastao iz saradnje pet razli\u010ditih organizacija iz cele Evrope. Zajedno smo radili u svakoj fazi i na svakom materijalu tokom projekta, doprinose\u0107i i dodaju\u0107i razli\u010dite perspektive, ta\u010dke gledi\u0161ta i znanje. Viki Bernadet fondacija Viki Bernadet fondacija (FVB) je \u0161panska organizacija sa prepoznatim ugledom i nacionalnom referencom u spre\u010davanju i adresiranju seksualnog nasilja [&hellip;]<\/p>\n","protected":false},"author":1,"featured_media":0,"parent":0,"menu_order":0,"comment_status":"closed","ping_status":"closed","template":"","meta":{"inline_featured_image":false,"footnotes":""},"class_list":["post-3779","page","type-page","status-publish","hentry"],"_links":{"self":[{"href":"https:\/\/childrensrightsup.eu\/sr\/wp-json\/wp\/v2\/pages\/3779","targetHints":{"allow":["GET"]}}],"collection":[{"href":"https:\/\/childrensrightsup.eu\/sr\/wp-json\/wp\/v2\/pages"}],"about":[{"href":"https:\/\/childrensrightsup.eu\/sr\/wp-json\/wp\/v2\/types\/page"}],"author":[{"embeddable":true,"href":"https:\/\/childrensrightsup.eu\/sr\/wp-json\/wp\/v2\/users\/1"}],"replies":[{"embeddable":true,"href":"https:\/\/childrensrightsup.eu\/sr\/wp-json\/wp\/v2\/comments?post=3779"}],"version-history":[{"count":6,"href":"https:\/\/childrensrightsup.eu\/sr\/wp-json\/wp\/v2\/pages\/3779\/revisions"}],"predecessor-version":[{"id":3785,"href":"https:\/\/childrensrightsup.eu\/sr\/wp-json\/wp\/v2\/pages\/3779\/revisions\/3785"}],"wp:attachment":[{"href":"https:\/\/childrensrightsup.eu\/sr\/wp-json\/wp\/v2\/media?parent=3779"}],"curies":[{"name":"wp","href":"https:\/\/api.w.org\/{rel}","templated":true}]}}