{"id":3633,"date":"2022-05-21T13:49:30","date_gmt":"2022-05-21T13:49:30","guid":{"rendered":"https:\/\/childrensrightsup.eu\/?page_id=3633"},"modified":"2023-04-27T11:33:00","modified_gmt":"2023-04-27T11:33:00","slug":"vaspitaci","status":"publish","type":"page","link":"https:\/\/childrensrightsup.eu\/sr\/vaspitaci\/","title":{"rendered":"VASPITA\u010cI"},"content":{"rendered":"\t\t<div data-elementor-type=\"wp-page\" data-elementor-id=\"3633\" class=\"elementor elementor-3633 elementor-1089\">\n\t\t\t\t\t\t<section class=\"elementor-section elementor-top-section elementor-element elementor-element-550607c elementor-section-stretched elementor-section-full_width elementor-section-height-default elementor-section-height-default\" data-id=\"550607c\" data-element_type=\"section\" data-settings=\"{&quot;stretch_section&quot;:&quot;section-stretched&quot;}\">\n\t\t\t\t\t\t<div class=\"elementor-container elementor-column-gap-default\">\n\t\t\t\t\t<div class=\"elementor-column elementor-col-100 elementor-top-column elementor-element elementor-element-90ea1f4 modul-pb-custom modul-hide-img\" data-id=\"90ea1f4\" data-element_type=\"column\">\n\t\t\t<div class=\"elementor-widget-wrap elementor-element-populated\">\n\t\t\t\t\t\t<div class=\"elementor-element elementor-element-f34ede4 elementor-widget elementor-widget-about_us_three\" data-id=\"f34ede4\" data-element_type=\"widget\" data-widget_type=\"about_us_three.default\">\n\t\t\t\t<div class=\"elementor-widget-container\">\n\t\t\t        <!-- Begin text-block -->\r\n        <section class=\"text-block text-block-reverce pb-xs-50 pb-sm-60 pb-md-60 pb-lg-120 pt-0\">\r\n            <div class=\"container\">\r\n                <div class=\"row align-items-sm-center align-items-lg-start\">\r\n                    <div class=\"col-md-6\">\r\n                        <div class=\"block-header pt-0\">\r\n                            <p class=\"mb-xs-15 mb-lg-8\">\r\n                                Output 1                            <\/p>\r\n                            <h2 class=\"mb-xs-25 mb-md-25\">\r\n                                VODI\u010c ZA <span>VASPITA\u010cE<\/span>                            <\/h2>\r\n                        <\/div>\r\n                        <p class=\"mb-xs-15 mb-lg-8\">The <strong>VODI\u010c ZA VASPITA\u010cE<\/strong> nudi potrebne materijale i alate za profesionalce kako bi mogli sami da spre\u010davaju seksualno zlostavljanje dece u pred\u0161kolskim grupama.<\/p>\n<p class=\"mb-xs-15 mb-lg-8\">Istovremeno, <strong>VODI\u010c ZA VASPITA\u010cE<\/strong> uklju\u010duje informaciju o drugim proizvodima stvorenim u sklopu projekta i kako se mogu koristiti.<\/p>\n<p class=\"mb-xs-15 mb-lg-8\">U dokumentu \u0107ete prona\u0107i:<\/p>\n                            <ul class=\"pt-2\">\n                                <li>\n                                    <p>Informaciju o zdravom razvoju dece uzrasta 4-5 godina<\/p>\n                                <\/li>\n                                <li>\n                                    <p>Alate za teme o \u010demu i kako razgovarati sa malom decom na temu seksualnosti<\/p>\n                                <\/li>\n                                <li>\n                                    <p>Savete kako spre\u010diti seksualno zlostavljanje dece<\/p>\n                                <\/li>\n<li><p>\u2022\tAlate za procenu kako bi vaspita\u010di mogli da vide da li deca razumeju temu<\/p><\/li>\n                            <\/ul>\n<a href=\"https:\/\/childrensrightsup.eu\/wp-content\/uploads\/2023\/04\/TEACHERSGUIDE_SERB.pdf\" target=\"_blank\" class=\"elementor-button-link elementor-button elementor-size-sm btn-main mt-4\" role=\"button\">\n\t\t\t\t\t\t<span class=\"elementor-button-content-wrapper\">\n\t\t\t\t\t\t\t<span class=\"elementor-button-icon elementor-align-icon-left\">\n\t\t\t\t<i aria-hidden=\"true\" class=\"fas fa-download\"><\/i>\t\t\t<\/span>\n\t\t\t\t\t\t<span class=\"elementor-button-text\">Download<\/span>\n\t\t<\/span>\n\t\t\t\t\t<\/a>                    <\/div>\r\n                    <div class=\"col-md-6\">\r\n                        <div class=\"svg-block video-block\">\r\n                            <img decoding=\"async\" src=\"https:\/\/childrensrightsup.eu\/wp-content\/themes\/childit\/assets\/img\/lazy.png\" class=\"video-prev lazy\" data-src=\"https:\/\/childrensrightsup.eu\/wp-content\/uploads\/2022\/06\/1-iStock-1328694801.jpg\" alt=\"\">\r\n                        <\/div>\r\n                    <\/div>\r\n                <\/div>\r\n            <\/div>\r\n        <\/section>\r\n        \t\t<\/div>\n\t\t\t\t<\/div>\n\t\t\t\t\t<\/div>\n\t\t<\/div>\n\t\t\t\t\t<\/div>\n\t\t<\/section>\n\t\t\t\t<section class=\"elementor-section elementor-top-section elementor-element elementor-element-1211920 elementor-section-stretched elementor-section-full_width elementor-section-height-default elementor-section-height-default\" data-id=\"1211920\" data-element_type=\"section\" data-settings=\"{&quot;stretch_section&quot;:&quot;section-stretched&quot;}\">\n\t\t\t\t\t\t<div class=\"elementor-container elementor-column-gap-default\">\n\t\t\t\t\t<div class=\"elementor-column elementor-col-100 elementor-top-column elementor-element elementor-element-cdfcce9 modul-hide-img\" data-id=\"cdfcce9\" data-element_type=\"column\">\n\t\t\t<div class=\"elementor-widget-wrap elementor-element-populated\">\n\t\t\t\t\t\t<div class=\"elementor-element elementor-element-321f1bb elementor-widget elementor-widget-about_us\" data-id=\"321f1bb\" data-element_type=\"widget\" data-widget_type=\"about_us.default\">\n\t\t\t\t<div class=\"elementor-widget-container\">\n\t\t\t        <section class=\"text-block pb-xs-30 pb-sm-50 pb-md-60 on-scroll\">\r\n            <div class=\"container\">\r\n                <div class=\"row align-items-sm-center align-items-lg-center\">\r\n                    <div class=\"col-md-6 on-scroll fade-left fade-scale\">\r\n                        <div class=\"svg-block\">\r\n                            <svg viewBox=\"0 0 526 502\" fill=\"none\" xmlns=\"http:\/\/www.w3.org\/2000\/svg\" xmlns:xlink=\"http:\/\/www.w3.org\/1999\/xlink\">\r\n                                <mask id=\"img1\" maskUnits=\"userSpaceOnUse\" x=\"0\" y=\"0\" width=\"526\" height=\"502\">\r\n                                    <path d=\"M51 8.49999C125.8 -21.9 276.833 39.8333 343 74.5C288.5 32.5 323 18.5 347 20.5C371 22.5 432.5 44.5 467.5 68C495.5 86.8 491.167 99.8333 485.5 104C489.333 108.333 499.7 121.5 510.5 139.5C524 162 532.5 183.5 517 210C504.6 231.2 446.833 231.833 421 229.5C419.667 229.5 422.4 233.9 444 251.5C471 273.5 495.5 299.5 493.5 330.5C491.9 355.3 436.833 363.833 409.5 365C410.5 368.5 409.8 376.9 399 382.5C388.2 388.1 355.833 387.5 341 386.5C364.167 399 410.3 428.9 409.5 448.5C408.5 473 386.5 492 344 488C301.5 484 238 444.5 250 452.5C262 460.5 280 481.5 271.5 492C263 502.5 236 504.5 216.5 496C197 487.5 81.5 440.5 67.5 397.5C53.5 354.5 83.5 367 81.5 359.5C79.5 352 53 346.5 25.5 293C3.50001 250.2 34.5 226.5 58 224.5C54.8333 224.5 40.3 217.8 23.5 191C6.7 164.2 25.8333 142.5 37.5 135C35.5 133.167 30.6 128.6 27 125C22.5 120.5 -42.5 46.5 51 8.49999Z\" fill=\"#C4C4C4\"\/>\r\n                                <\/mask>\r\n                                <g mask=\"url(#img1)\">\r\n                                    <rect y=\"-13\" width=\"750\" height=\"523\" fill=\"url(#pattern23)\"\/>\r\n                                <\/g>\r\n                                <defs>\r\n                                    <pattern id=\"pattern23\" patternContentUnits=\"objectBoundingBox\" width=\"1\" height=\"1\">\r\n                                        <use xlink:href=\"#for-img23\" transform=\"scale(0.00133333 0.00191205)\"\/>\r\n                                    <\/pattern>\r\n                                    <image id=\"for-img23\" width=\"750\" height=\"523\" xlink:href=\"https:\/\/childrensrightsup.eu\/wp-content\/uploads\/2022\/06\/3-iStock-1340002852.jpg\"><\/image>\r\n                                <\/defs>\r\n                            <\/svg>\r\n                        <\/div>\r\n                    <\/div>\r\n                    <div class=\"col-md-6 on-scroll fade-up fade-scale pt-xs-35 pt-md-0\">\r\n                        <div class=\"block-header mb-xs-25 mb-md-25\">\r\n                            <p class=\"mb-xs-15 mb-lg-8\">\r\n                                Output 3                            <\/p>\r\n                            <h2 class=\"mb-xs-25 mb-md-25\">\r\n                                KURS ZA <span>VASPITA\u010cE<\/span>                            <\/h2>\r\n                        <\/div>\r\n                        <p class=\"mb-xs-20 mb-md-30\">\r\n                            <p>Cilj <strong>KURSA ZA VASPITA\u010cE<\/strong> je spre\u010davanje seksualnog zlostavljanja i rano prepoznavanje traumatskih doga\u0111aja kod dece.<\/p>\n<p>Kurs preko interneta mo\u017ee da zavr\u0161i bilo koja zainteresovana osoba, u bilo koje vreme bez ikakvih tro\u0161kova. Sa\u010dinjavaju ga odeljci koji se bave razli\u010ditim temama vezanim za seksualnost kao \u0161to su ose\u0107anja, telo, komunikacija, spre\u010davanje i podr\u0161ka deci iz razli\u010ditih kulturnih sredina.\n<\/p>\n<a href=\"https:\/\/www.youtube.com\/playlist?list=PLLKTXtlOFgSZ6OHWr6Xy7R_jX5CYMgy3x\" class=\"elementor-button-link elementor-button elementor-size-sm btn-main mt-4\" role=\"button\" target=\"_blank\">\n\t\t\t\t\t\t<span class=\"elementor-button-content-wrapper\">\n\t\t\t\t\t\t\t<span class=\"elementor-button-icon elementor-align-icon-left\">\n\t\t\t\t<i aria-hidden=\"true\" class=\"fas fa-video\"><\/i>\t\t\t<\/span>\n\t\t\t\t\t\t<span class=\"elementor-button-text\">Link<\/span>\n\t\t<\/span>\n\t\t\t\t\t<\/a>                        <\/p>\r\n                                            <\/div>\r\n                <\/div>\r\n            <\/div>\r\n        <\/section>\r\n        \t\t<\/div>\n\t\t\t\t<\/div>\n\t\t\t\t\t<\/div>\n\t\t<\/div>\n\t\t\t\t\t<\/div>\n\t\t<\/section>\n\t\t\t\t<section class=\"elementor-section elementor-top-section elementor-element elementor-element-f0da049 elementor-section-stretched elementor-section-full_width elementor-section-height-default elementor-section-height-default\" data-id=\"f0da049\" data-element_type=\"section\" data-settings=\"{&quot;stretch_section&quot;:&quot;section-stretched&quot;}\">\n\t\t\t\t\t\t<div class=\"elementor-container elementor-column-gap-default\">\n\t\t\t\t\t<div class=\"elementor-column elementor-col-100 elementor-top-column elementor-element elementor-element-11eb793 modul-pb-custom modul-hide-img\" data-id=\"11eb793\" data-element_type=\"column\">\n\t\t\t<div class=\"elementor-widget-wrap elementor-element-populated\">\n\t\t\t\t\t\t<div class=\"elementor-element elementor-element-eb6d4ac elementor-widget elementor-widget-about_us_three\" data-id=\"eb6d4ac\" data-element_type=\"widget\" data-widget_type=\"about_us_three.default\">\n\t\t\t\t<div class=\"elementor-widget-container\">\n\t\t\t        <!-- Begin text-block -->\r\n        <section class=\"text-block text-block-reverce pb-xs-50 pb-sm-60 pb-md-60 pb-lg-120 pt-0\">\r\n            <div class=\"container\">\r\n                <div class=\"row align-items-sm-center align-items-lg-start\">\r\n                    <div class=\"col-md-6\">\r\n                        <div class=\"block-header pt-0\">\r\n                            <p class=\"mb-xs-15 mb-lg-8\">\r\n                                Output 2                            <\/p>\r\n                            <h2 class=\"mb-xs-25 mb-md-25\">\r\n                                PRI\u010cE                            <\/h2>\r\n                        <\/div>\r\n                        <p class=\"mb-xs-15 mb-lg-8\">Knjige su sjajan alat za u\u010denje male dece. \u010citanje stimuli\u0161e de\u010diju ma\u0161tu i kreativnost tako \u0161to ih \u010dini zainteresovanijima za stvari oko njih.<\/p>\n<p class=\"mb-xs-15 mb-lg-8\">Ove dve pri\u010de namenjene \u010detvorogodi\u0161njacima i petogodi\u0161njacima su razvijene za spe\u010davanje seksualnog zlostavljanja. Uklju\u010duju sadr\u017eaj vezan za seksualno obrazovanje iz perspektive promocije zdravlja.<\/p>\n<p class=\"mb-xs-15 mb-lg-8\">Glavni karakteri u ove dve pri\u010de su Leo i Sara i zajedno sa njima mo\u0107i \u0107emo da otkrijemo razli\u010dite na\u010dine pokazivanja ljubavi, da upoznamo nova ose\u0107anja i da postavimo granice na one aktivnosti koje \u010dine da se ne ose\u0107amo prijatno.<\/p>\n<p class=\"mb-xs-15 mb-lg-8\">Na kraju knjiga na\u0107i \u0107ete didakti\u010dki vodi\u010d koji daje ideje za roditelje i vaspita\u010de kako da se nose sa pitanjima koja se pojavljuju tokom \u010ditanja pri\u010de.<\/p>\n<a href=\"https:\/\/childrensrightsup.eu\/wp-content\/uploads\/2023\/04\/TALE-1_SERBI.pdf\" target=\"_blank\" class=\"elementor-button-link elementor-button elementor-size-sm btn-main mt-4\" role=\"button\"><span class=\"elementor-button-content-wrapper\"><span class=\"elementor-button-icon elementor-align-icon-left\"><i aria-hidden=\"true\" class=\"fas fa-download\"><\/i><\/span><span class=\"elementor-button-text\">Tale 1<\/span><\/span><\/a>\n<a href=\"https:\/\/childrensrightsup.eu\/wp-content\/uploads\/2023\/04\/TALE-2_SERBI-1.pdf\" target=\"_blank\" class=\"elementor-button-link elementor-button elementor-size-sm btn-main mt-4\" role=\"button\"><span class=\"elementor-button-content-wrapper\"><span class=\"elementor-button-icon elementor-align-icon-left\"><i aria-hidden=\"true\" class=\"fas fa-download\"><\/i><\/span><span class=\"elementor-button-text\">Tale 2<\/span><\/span><\/a>                    <\/div>\r\n                    <div class=\"col-md-6\">\r\n                        <div class=\"svg-block video-block\">\r\n                            <img decoding=\"async\" src=\"https:\/\/childrensrightsup.eu\/wp-content\/themes\/childit\/assets\/img\/lazy.png\" class=\"video-prev lazy\" data-src=\"https:\/\/childrensrightsup.eu\/wp-content\/uploads\/2022\/06\/2-iStock-1325064833.jpg\" alt=\"\">\r\n                        <\/div>\r\n                    <\/div>\r\n                <\/div>\r\n            <\/div>\r\n        <\/section>\r\n        \t\t<\/div>\n\t\t\t\t<\/div>\n\t\t\t\t\t<\/div>\n\t\t<\/div>\n\t\t\t\t\t<\/div>\n\t\t<\/section>\n\t\t\t\t<section class=\"elementor-section elementor-top-section elementor-element elementor-element-15cb6a3 elementor-section-stretched elementor-section-full_width elementor-section-height-default elementor-section-height-default\" data-id=\"15cb6a3\" data-element_type=\"section\" data-settings=\"{&quot;stretch_section&quot;:&quot;section-stretched&quot;}\">\n\t\t\t\t\t\t<div class=\"elementor-container elementor-column-gap-default\">\n\t\t\t\t\t<div class=\"elementor-column elementor-col-100 elementor-top-column elementor-element elementor-element-c7c4054 modul-hide-img\" data-id=\"c7c4054\" data-element_type=\"column\">\n\t\t\t<div class=\"elementor-widget-wrap elementor-element-populated\">\n\t\t\t\t\t\t<div class=\"elementor-element elementor-element-1bb3e4b elementor-widget elementor-widget-about_us\" data-id=\"1bb3e4b\" data-element_type=\"widget\" data-widget_type=\"about_us.default\">\n\t\t\t\t<div class=\"elementor-widget-container\">\n\t\t\t        <section class=\"text-block pb-xs-30 pb-sm-50 pb-md-60 on-scroll\">\r\n            <div class=\"container\">\r\n                <div class=\"row align-items-sm-center align-items-lg-center\">\r\n                    <div class=\"col-md-6 on-scroll fade-left fade-scale\">\r\n                        <div class=\"svg-block\">\r\n                            <svg viewBox=\"0 0 526 502\" fill=\"none\" xmlns=\"http:\/\/www.w3.org\/2000\/svg\" xmlns:xlink=\"http:\/\/www.w3.org\/1999\/xlink\">\r\n                                <mask id=\"img1\" maskUnits=\"userSpaceOnUse\" x=\"0\" y=\"0\" width=\"526\" height=\"502\">\r\n                                    <path d=\"M51 8.49999C125.8 -21.9 276.833 39.8333 343 74.5C288.5 32.5 323 18.5 347 20.5C371 22.5 432.5 44.5 467.5 68C495.5 86.8 491.167 99.8333 485.5 104C489.333 108.333 499.7 121.5 510.5 139.5C524 162 532.5 183.5 517 210C504.6 231.2 446.833 231.833 421 229.5C419.667 229.5 422.4 233.9 444 251.5C471 273.5 495.5 299.5 493.5 330.5C491.9 355.3 436.833 363.833 409.5 365C410.5 368.5 409.8 376.9 399 382.5C388.2 388.1 355.833 387.5 341 386.5C364.167 399 410.3 428.9 409.5 448.5C408.5 473 386.5 492 344 488C301.5 484 238 444.5 250 452.5C262 460.5 280 481.5 271.5 492C263 502.5 236 504.5 216.5 496C197 487.5 81.5 440.5 67.5 397.5C53.5 354.5 83.5 367 81.5 359.5C79.5 352 53 346.5 25.5 293C3.50001 250.2 34.5 226.5 58 224.5C54.8333 224.5 40.3 217.8 23.5 191C6.7 164.2 25.8333 142.5 37.5 135C35.5 133.167 30.6 128.6 27 125C22.5 120.5 -42.5 46.5 51 8.49999Z\" fill=\"#C4C4C4\"\/>\r\n                                <\/mask>\r\n                                <g mask=\"url(#img1)\">\r\n                                    <rect y=\"-13\" width=\"750\" height=\"523\" fill=\"url(#pattern15)\"\/>\r\n                                <\/g>\r\n                                <defs>\r\n                                    <pattern id=\"pattern15\" patternContentUnits=\"objectBoundingBox\" width=\"1\" height=\"1\">\r\n                                        <use xlink:href=\"#for-img15\" transform=\"scale(0.00133333 0.00191205)\"\/>\r\n                                    <\/pattern>\r\n                                    <image id=\"for-img15\" width=\"750\" height=\"523\" xlink:href=\"https:\/\/childrensrightsup.eu\/wp-content\/uploads\/2022\/06\/4-iStock-1294889822.jpg\"><\/image>\r\n                                <\/defs>\r\n                            <\/svg>\r\n                        <\/div>\r\n                    <\/div>\r\n                    <div class=\"col-md-6 on-scroll fade-up fade-scale pt-xs-35 pt-md-0\">\r\n                        <div class=\"block-header mb-xs-25 mb-md-25\">\r\n                            <p class=\"mb-xs-15 mb-lg-8\">\r\n                                Output 5                            <\/p>\r\n                            <h2 class=\"mb-xs-25 mb-md-25\">\r\n                                VIZUELNI MATERIJAL                            <\/h2>\r\n                        <\/div>\r\n                        <p class=\"mb-xs-20 mb-md-30\">\r\n                            <p>Vizuelni materijal dolazi kao odgovor na sada\u0161nji scenario neznanja i pogre\u0161nog uverenja po pitanju seksualnog zlostavljanja dece, delovanja u vezi njega i seksualnog obrazovanja u ranom uzrastu. Uzimaju\u0107i u obzir otpor koji jo\u0161 postoji oko ovoga, u projektu je napravljen materijal sa ciljem prevazila\u017eenja po\u010detne neodlu\u010dnosti za primenu preventivnog programa kao i za poja\u010davanje klju\u010dnih poruka i pravljenja ih vidljivim.<\/p>\n<p>Alati iz seta za podizanje svesti mogu da se koriste pre, ili u kombinaciji sa kori\u0161\u0107enjem ostalog materijala za poja\u010davanje klju\u010dnih poruka. <\/p>\n<a href=\"https:\/\/childrensrightsup.eu\/wp-content\/uploads\/2023\/04\/call_it_by_its_name_serb.pdf\" target=\"_blank\" class=\"elementor-button-link elementor-button elementor-size-sm btn-main mt-4\" role=\"button\"><span class=\"elementor-button-content-wrapper\"><span class=\"elementor-button-icon elementor-align-icon-left\"><i aria-hidden=\"true\" class=\"fas fa-download\"><\/i><\/span><span class=\"elementor-button-text\">NAZOVI IH PRAVIM IMENOM<\/span><\/span><\/a>\n\n<a href=\"https:\/\/childrensrightsup.eu\/wp-content\/uploads\/2023\/04\/NE-DOPUSTITE-NIKOME.pdf\" target=\"_blank\" class=\"elementor-button-link elementor-button elementor-size-sm btn-main mt-4\" role=\"button\"><span class=\"elementor-button-content-wrapper\"><span class=\"elementor-button-icon elementor-align-icon-left\"><i aria-hidden=\"true\" class=\"fas fa-download\"><\/i><\/span><span class=\"elementor-button-text\">NE DOPUSTITE NIKOME<\/span><\/span><\/a>\n\n<a href=\"https:\/\/childrensrightsup.eu\/wp-content\/uploads\/2023\/04\/AKO-NE-ZELIM-abrazo-.pdf\" target=\"_blank\" class=\"elementor-button-link elementor-button elementor-size-sm btn-main mt-4\" role=\"button\"><span class=\"elementor-button-content-wrapper\"><span class=\"elementor-button-icon elementor-align-icon-left\"><i aria-hidden=\"true\" class=\"fas fa-download\"><\/i><\/span><span class=\"elementor-button-text\">AKO NE ZELIM Hug<\/span><\/span><\/a>\n\n<a href=\"https:\/\/childrensrightsup.eu\/wp-content\/uploads\/2023\/04\/AKO-NE-ZELIM-1-beso.pdf\" target=\"_blank\" class=\"elementor-button-link elementor-button elementor-size-sm btn-main mt-4\" role=\"button\"><span class=\"elementor-button-content-wrapper\"><span class=\"elementor-button-icon elementor-align-icon-left\"><i aria-hidden=\"true\" class=\"fas fa-download\"><\/i><\/span><span class=\"elementor-button-text\">AKO NE ZELIM Kiss<\/span><\/span><\/a>\n\n<a href=\"https:\/\/childrensrightsup.eu\/wp-content\/uploads\/2023\/04\/DELOVI-TELA-LEO.pdf\" target=\"_blank\" class=\"elementor-button-link elementor-button elementor-size-sm btn-main mt-4\" role=\"button\"><span class=\"elementor-button-content-wrapper\"><span class=\"elementor-button-icon elementor-align-icon-left\"><i aria-hidden=\"true\" class=\"fas fa-download\"><\/i><\/span><span class=\"elementor-button-text\">DELOVI TELA (Leo)<\/span><\/span><\/a>\n\n<a href=\"https:\/\/childrensrightsup.eu\/wp-content\/uploads\/2023\/04\/DELOVI-TELA-SARA.pdf\" target=\"_blank\" class=\"elementor-button-link elementor-button elementor-size-sm btn-main mt-4\" role=\"button\"><span class=\"elementor-button-content-wrapper\"><span class=\"elementor-button-icon elementor-align-icon-left\"><i aria-hidden=\"true\" class=\"fas fa-download\"><\/i><\/span><span class=\"elementor-button-text\">DELOVI TELA (Sara)<\/span><\/span><\/a>\n\n<a href=\"https:\/\/childrensrightsup.eu\/wp-content\/uploads\/2023\/04\/UZRAST-I-SKSUALNO.pdf\" target=\"_blank\" class=\"elementor-button-link elementor-button elementor-size-sm btn-main mt-4\" role=\"button\"><span class=\"elementor-button-content-wrapper\"><span class=\"elementor-button-icon elementor-align-icon-left\"><i aria-hidden=\"true\" class=\"fas fa-download\"><\/i><\/span><span class=\"elementor-button-text\">UZRAST I SKSUALNO<\/span><\/span><\/a>                        <\/p>\r\n                                            <\/div>\r\n                <\/div>\r\n            <\/div>\r\n        <\/section>\r\n        \t\t<\/div>\n\t\t\t\t<\/div>\n\t\t\t\t\t<\/div>\n\t\t<\/div>\n\t\t\t\t\t<\/div>\n\t\t<\/section>\n\t\t\t\t<\/div>\n\t\t","protected":false},"excerpt":{"rendered":"<p>Output 1 VODI\u010c ZA VASPITA\u010cE The VODI\u010c ZA VASPITA\u010cE nudi potrebne materijale i alate za profesionalce kako bi mogli sami da spre\u010davaju seksualno zlostavljanje dece u pred\u0161kolskim grupama. Istovremeno, VODI\u010c ZA VASPITA\u010cE uklju\u010duje informaciju o drugim proizvodima stvorenim u sklopu projekta i kako se mogu koristiti. U dokumentu \u0107ete prona\u0107i: Informaciju o zdravom razvoju dece [&hellip;]<\/p>\n","protected":false},"author":1,"featured_media":3636,"parent":0,"menu_order":0,"comment_status":"closed","ping_status":"closed","template":"","meta":{"inline_featured_image":false,"footnotes":""},"class_list":["post-3633","page","type-page","status-publish","has-post-thumbnail","hentry"],"_links":{"self":[{"href":"https:\/\/childrensrightsup.eu\/sr\/wp-json\/wp\/v2\/pages\/3633","targetHints":{"allow":["GET"]}}],"collection":[{"href":"https:\/\/childrensrightsup.eu\/sr\/wp-json\/wp\/v2\/pages"}],"about":[{"href":"https:\/\/childrensrightsup.eu\/sr\/wp-json\/wp\/v2\/types\/page"}],"author":[{"embeddable":true,"href":"https:\/\/childrensrightsup.eu\/sr\/wp-json\/wp\/v2\/users\/1"}],"replies":[{"embeddable":true,"href":"https:\/\/childrensrightsup.eu\/sr\/wp-json\/wp\/v2\/comments?post=3633"}],"version-history":[{"count":98,"href":"https:\/\/childrensrightsup.eu\/sr\/wp-json\/wp\/v2\/pages\/3633\/revisions"}],"predecessor-version":[{"id":5814,"href":"https:\/\/childrensrightsup.eu\/sr\/wp-json\/wp\/v2\/pages\/3633\/revisions\/5814"}],"wp:featuredmedia":[{"embeddable":true,"href":"https:\/\/childrensrightsup.eu\/sr\/wp-json\/wp\/v2\/media\/3636"}],"wp:attachment":[{"href":"https:\/\/childrensrightsup.eu\/sr\/wp-json\/wp\/v2\/media?parent=3633"}],"curies":[{"name":"wp","href":"https:\/\/api.w.org\/{rel}","templated":true}]}}