{"id":2694,"date":"2022-05-21T13:49:30","date_gmt":"2022-05-21T13:49:30","guid":{"rendered":"https:\/\/childrensrightsup.eu\/?page_id=2694"},"modified":"2023-04-18T15:04:07","modified_gmt":"2023-04-18T15:04:07","slug":"insegnanti","status":"publish","type":"page","link":"https:\/\/childrensrightsup.eu\/it\/insegnanti\/","title":{"rendered":"Insegnanti"},"content":{"rendered":"\t\t<div data-elementor-type=\"wp-page\" data-elementor-id=\"2694\" class=\"elementor elementor-2694 elementor-1089\">\n\t\t\t\t\t\t<section class=\"elementor-section elementor-top-section elementor-element elementor-element-550607c elementor-section-stretched elementor-section-full_width elementor-section-height-default elementor-section-height-default\" data-id=\"550607c\" data-element_type=\"section\" data-settings=\"{&quot;stretch_section&quot;:&quot;section-stretched&quot;}\">\n\t\t\t\t\t\t<div class=\"elementor-container elementor-column-gap-default\">\n\t\t\t\t\t<div class=\"elementor-column elementor-col-100 elementor-top-column elementor-element elementor-element-90ea1f4 modul-pb-custom modul-hide-img\" data-id=\"90ea1f4\" data-element_type=\"column\">\n\t\t\t<div class=\"elementor-widget-wrap elementor-element-populated\">\n\t\t\t\t\t\t<div class=\"elementor-element elementor-element-f34ede4 elementor-widget elementor-widget-about_us_three\" data-id=\"f34ede4\" data-element_type=\"widget\" data-widget_type=\"about_us_three.default\">\n\t\t\t\t<div class=\"elementor-widget-container\">\n\t\t\t        <!-- Begin text-block -->\r\n        <section class=\"text-block text-block-reverce pb-xs-50 pb-sm-60 pb-md-60 pb-lg-120 pt-0\">\r\n            <div class=\"container\">\r\n                <div class=\"row align-items-sm-center align-items-lg-start\">\r\n                    <div class=\"col-md-6\">\r\n                        <div class=\"block-header pt-0\">\r\n                            <p class=\"mb-xs-15 mb-lg-8\">\r\n                                Output 1                            <\/p>\r\n                            <h2 class=\"mb-xs-25 mb-md-25\">\r\n                                LA GUIDA <span>PER GLI INSEGNANTI<\/span>                            <\/h2>\r\n                        <\/div>\r\n                        <p class=\"mb-xs-15 mb-lg-8\">La <strong>GUIDA PER GLI INSEGNANTI<\/strong> offre le risorse e gli strumenti necessari ai professionisti per essere in grado di prevenire autonomamente gli abusi sessuali sui minori nelle classi della scuola dell'infanzia.<\/p>\n<p class=\"mb-xs-15 mb-lg-8\">Allo stesso tempo, la <strong>GUIDA PER GLI INSEGNANTI<\/strong>contiene informazioni sul resto dei prodotti creati nell'ambito del progetto e su come utilizzarli.<\/p>\n<p class=\"mb-xs-15 mb-lg-8\">All'interno del documento troverete:<\/p>\n                            <ul class=\"pt-2\">\n                                <li>\n                                    <p>Informazioni sullo sviluppo sano dei bambini tra i 4-5 anni<\/p>\n                                <\/li>\n                                <li>\n                                    <p>Strumenti su cosa e come parlare di sessualit\u00e0 in et\u00e0 precoce <\/p>\n                                <\/li>\n                                <li>\n                                    <p>Suggerimenti e trucchi per prevenire gli abusi sessuali sui bambini<\/p>\n                                <\/li>\n<li><p>Strumenti di valutazione per consentire agli insegnanti di verificare se i bambini stanno comprendendo ogni argomento<\/p><\/li>\n                            <\/ul>\n<a href=\"https:\/\/childrensrightsup.eu\/wp-content\/uploads\/2023\/04\/TEACHERSGUIDE_ITALIAN.pdf\" target=\"_blank\" class=\"elementor-button-link elementor-button elementor-size-sm btn-main mt-4\" role=\"button\">\n\t\t\t\t\t\t<span class=\"elementor-button-content-wrapper\">\n\t\t\t\t\t\t\t<span class=\"elementor-button-icon elementor-align-icon-left\">\n\t\t\t\t<i aria-hidden=\"true\" class=\"fas fa-download\"><\/i>\t\t\t<\/span>\n\t\t\t\t\t\t<span class=\"elementor-button-text\">Scarica<\/span>\n\t\t<\/span>\n\t\t\t\t\t<\/a>                    <\/div>\r\n                    <div class=\"col-md-6\">\r\n                        <div class=\"svg-block video-block\">\r\n                            <img decoding=\"async\" src=\"https:\/\/childrensrightsup.eu\/wp-content\/themes\/childit\/assets\/img\/lazy.png\" class=\"video-prev lazy\" data-src=\"https:\/\/childrensrightsup.eu\/wp-content\/uploads\/2022\/06\/1-iStock-1328694801.jpg\" alt=\"\">\r\n                        <\/div>\r\n                    <\/div>\r\n                <\/div>\r\n            <\/div>\r\n        <\/section>\r\n        \t\t<\/div>\n\t\t\t\t<\/div>\n\t\t\t\t\t<\/div>\n\t\t<\/div>\n\t\t\t\t\t<\/div>\n\t\t<\/section>\n\t\t\t\t<section class=\"elementor-section elementor-top-section elementor-element elementor-element-1211920 elementor-section-stretched elementor-section-full_width elementor-section-height-default elementor-section-height-default\" data-id=\"1211920\" data-element_type=\"section\" data-settings=\"{&quot;stretch_section&quot;:&quot;section-stretched&quot;}\">\n\t\t\t\t\t\t<div class=\"elementor-container elementor-column-gap-default\">\n\t\t\t\t\t<div class=\"elementor-column elementor-col-100 elementor-top-column elementor-element elementor-element-cdfcce9 modul-hide-img\" data-id=\"cdfcce9\" data-element_type=\"column\">\n\t\t\t<div class=\"elementor-widget-wrap\">\n\t\t\t\t\t\t\t<\/div>\n\t\t<\/div>\n\t\t\t\t\t<\/div>\n\t\t<\/section>\n\t\t\t\t<section class=\"elementor-section elementor-top-section elementor-element elementor-element-f0da049 elementor-section-stretched elementor-section-full_width elementor-section-height-default elementor-section-height-default\" data-id=\"f0da049\" data-element_type=\"section\" data-settings=\"{&quot;stretch_section&quot;:&quot;section-stretched&quot;}\">\n\t\t\t\t\t\t<div class=\"elementor-container elementor-column-gap-default\">\n\t\t\t\t\t<div class=\"elementor-column elementor-col-100 elementor-top-column elementor-element elementor-element-11eb793 modul-pb-custom modul-hide-img\" data-id=\"11eb793\" data-element_type=\"column\">\n\t\t\t<div class=\"elementor-widget-wrap elementor-element-populated\">\n\t\t\t\t\t\t<div class=\"elementor-element elementor-element-321f1bb elementor-widget elementor-widget-about_us\" data-id=\"321f1bb\" data-element_type=\"widget\" data-widget_type=\"about_us.default\">\n\t\t\t\t<div class=\"elementor-widget-container\">\n\t\t\t        <section class=\"text-block pb-xs-30 pb-sm-50 pb-md-60 on-scroll\">\r\n            <div class=\"container\">\r\n                <div class=\"row align-items-sm-center align-items-lg-center\">\r\n                    <div class=\"col-md-6 on-scroll fade-left fade-scale\">\r\n                        <div class=\"svg-block\">\r\n                            <svg viewBox=\"0 0 526 502\" fill=\"none\" xmlns=\"http:\/\/www.w3.org\/2000\/svg\" xmlns:xlink=\"http:\/\/www.w3.org\/1999\/xlink\">\r\n                                <mask id=\"img1\" maskUnits=\"userSpaceOnUse\" x=\"0\" y=\"0\" width=\"526\" height=\"502\">\r\n                                    <path d=\"M51 8.49999C125.8 -21.9 276.833 39.8333 343 74.5C288.5 32.5 323 18.5 347 20.5C371 22.5 432.5 44.5 467.5 68C495.5 86.8 491.167 99.8333 485.5 104C489.333 108.333 499.7 121.5 510.5 139.5C524 162 532.5 183.5 517 210C504.6 231.2 446.833 231.833 421 229.5C419.667 229.5 422.4 233.9 444 251.5C471 273.5 495.5 299.5 493.5 330.5C491.9 355.3 436.833 363.833 409.5 365C410.5 368.5 409.8 376.9 399 382.5C388.2 388.1 355.833 387.5 341 386.5C364.167 399 410.3 428.9 409.5 448.5C408.5 473 386.5 492 344 488C301.5 484 238 444.5 250 452.5C262 460.5 280 481.5 271.5 492C263 502.5 236 504.5 216.5 496C197 487.5 81.5 440.5 67.5 397.5C53.5 354.5 83.5 367 81.5 359.5C79.5 352 53 346.5 25.5 293C3.50001 250.2 34.5 226.5 58 224.5C54.8333 224.5 40.3 217.8 23.5 191C6.7 164.2 25.8333 142.5 37.5 135C35.5 133.167 30.6 128.6 27 125C22.5 120.5 -42.5 46.5 51 8.49999Z\" fill=\"#C4C4C4\"\/>\r\n                                <\/mask>\r\n                                <g mask=\"url(#img1)\">\r\n                                    <rect y=\"-13\" width=\"750\" height=\"523\" fill=\"url(#pattern24)\"\/>\r\n                                <\/g>\r\n                                <defs>\r\n                                    <pattern id=\"pattern24\" patternContentUnits=\"objectBoundingBox\" width=\"1\" height=\"1\">\r\n                                        <use xlink:href=\"#for-img24\" transform=\"scale(0.00133333 0.00191205)\"\/>\r\n                                    <\/pattern>\r\n                                    <image id=\"for-img24\" width=\"750\" height=\"523\" xlink:href=\"https:\/\/childrensrightsup.eu\/wp-content\/uploads\/2022\/06\/3-iStock-1340002852.jpg\"><\/image>\r\n                                <\/defs>\r\n                            <\/svg>\r\n                        <\/div>\r\n                    <\/div>\r\n                    <div class=\"col-md-6 on-scroll fade-up fade-scale pt-xs-35 pt-md-0\">\r\n                        <div class=\"block-header mb-xs-25 mb-md-25\">\r\n                            <p class=\"mb-xs-15 mb-lg-8\">\r\n                                Output 3                            <\/p>\r\n                            <h2 class=\"mb-xs-25 mb-md-25\">\r\n                                IL CORSO <span>PER INSEGNANTI<\/span>                            <\/h2>\r\n                        <\/div>\r\n                        <p class=\"mb-xs-20 mb-md-30\">\r\n                            <p>Il <strong>CORSO PER INSEGNANTI<\/strong> \u00e8 finalizzato alla prevenzione dell'abuso sessuale e al riconoscimento precoce degli eventi traumatici nei bambini.<\/p>\n<p>Il corso online pu\u00f2 essere svolto in qualsiasi momento, senza alcun costo e da qualsiasi persona interessata. \u00c8 composto da unit\u00e0 che affrontano diversi temi legati alla sessualit\u00e0, come le emozioni, il corpo, la comunicazione, la prevenzione e il sostegno ai bambini provenienti da contesti culturali diversi.<\/p>\n<a href=\"https:\/\/www.youtube.com\/playlist?list=PLLKTXtlOFgSYgVwH5vgTgNnXo5b9M7-Ji\" class=\"elementor-button-link elementor-button elementor-size-sm btn-main mt-4\" role=\"button\" target=\"_blank\">\n\t\t\t\t\t\t<span class=\"elementor-button-content-wrapper\">\n\t\t\t\t\t\t\t<span class=\"elementor-button-icon elementor-align-icon-left\">\n\t\t\t\t<i aria-hidden=\"true\" class=\"fas fa-video\"><\/i>\t\t\t<\/span>\n\t\t\t\t\t\t<span class=\"elementor-button-text\">Link<\/span>\n\t\t<\/span>\n\t\t\t\t\t<\/a>                        <\/p>\r\n                                            <\/div>\r\n                <\/div>\r\n            <\/div>\r\n        <\/section>\r\n        \t\t<\/div>\n\t\t\t\t<\/div>\n\t\t\t\t<div class=\"elementor-element elementor-element-eb6d4ac elementor-widget elementor-widget-about_us_three\" data-id=\"eb6d4ac\" data-element_type=\"widget\" data-widget_type=\"about_us_three.default\">\n\t\t\t\t<div class=\"elementor-widget-container\">\n\t\t\t        <!-- Begin text-block -->\r\n        <section class=\"text-block text-block-reverce pb-xs-50 pb-sm-60 pb-md-60 pb-lg-120 pt-0\">\r\n            <div class=\"container\">\r\n                <div class=\"row align-items-sm-center align-items-lg-start\">\r\n                    <div class=\"col-md-6\">\r\n                        <div class=\"block-header pt-0\">\r\n                            <p class=\"mb-xs-15 mb-lg-8\">\r\n                                Output 2                            <\/p>\r\n                            <h2 class=\"mb-xs-25 mb-md-25\">\r\n                                I RACCONTI                            <\/h2>\r\n                        <\/div>\r\n                        <p class=\"mb-xs-15 mb-lg-8\">I libri sono un ottimo strumento per insegnare ai pi\u00f9 piccoli. La lettura stimola l'immaginazione e la creativit\u00e0 dei bambini, rendendoli pi\u00f9 interessati alle cose che li circondano.<\/p>\n<p class=\"mb-xs-15 mb-lg-8\">Questi due racconti, rivolti a bambini di 4 e 5 anni, sono stati sviluppati per la prevenzione degli abusi sessuali sui minori. Includono contenuti di educazione sessuale con una prospettiva di promozione della salute.<\/p>\n<p class=\"mb-xs-15 mb-lg-8\">I protagonisti di queste due storie sono Leo e Sara e insieme a loro potremo scoprire diversi modi di amare, conoscere nuovi sentimenti e porre dei limiti a quelle azioni che non ci fanno sentire a nostro agio.<\/p>\n<p class=\"mb-xs-15 mb-lg-8\">Alla fine dei libri troverete una guida didattica che fornir\u00e0 spunti a genitori e insegnanti su come affrontare le questioni che si presentano durante la lettura della storia.<\/p>\n<a href=\"https:\/\/childrensrightsup.eu\/wp-content\/uploads\/2023\/04\/TALE-1_Italiano.pdf\" target=\"_blank\" class=\"elementor-button-link elementor-button elementor-size-sm btn-main mt-4\" role=\"button\"><span class=\"elementor-button-content-wrapper\"><span class=\"elementor-button-icon elementor-align-icon-left\"><i aria-hidden=\"true\" class=\"fas fa-download\"><\/i><\/span><span class=\"elementor-button-text\">Racconti 1<\/span><\/span><\/a>\n<a href=\"https:\/\/childrensrightsup.eu\/wp-content\/uploads\/2023\/04\/TALE-2_ITALIANO.pdf\" target=\"_blank\" class=\"elementor-button-link elementor-button elementor-size-sm btn-main mt-4\" role=\"button\"><span class=\"elementor-button-content-wrapper\"><span class=\"elementor-button-icon elementor-align-icon-left\"><i aria-hidden=\"true\" class=\"fas fa-download\"><\/i><\/span><span class=\"elementor-button-text\">Racconti 2<\/span><\/span><\/a>                    <\/div>\r\n                    <div class=\"col-md-6\">\r\n                        <div class=\"svg-block video-block\">\r\n                            <img decoding=\"async\" src=\"https:\/\/childrensrightsup.eu\/wp-content\/themes\/childit\/assets\/img\/lazy.png\" class=\"video-prev lazy\" data-src=\"https:\/\/childrensrightsup.eu\/wp-content\/uploads\/2022\/06\/2-iStock-1325064833.jpg\" alt=\"\">\r\n                        <\/div>\r\n                    <\/div>\r\n                <\/div>\r\n            <\/div>\r\n        <\/section>\r\n        \t\t<\/div>\n\t\t\t\t<\/div>\n\t\t\t\t\t<\/div>\n\t\t<\/div>\n\t\t\t\t\t<\/div>\n\t\t<\/section>\n\t\t\t\t<section class=\"elementor-section elementor-top-section elementor-element elementor-element-15cb6a3 elementor-section-stretched elementor-section-full_width elementor-section-height-default elementor-section-height-default\" data-id=\"15cb6a3\" data-element_type=\"section\" data-settings=\"{&quot;stretch_section&quot;:&quot;section-stretched&quot;}\">\n\t\t\t\t\t\t<div class=\"elementor-container elementor-column-gap-default\">\n\t\t\t\t\t<div class=\"elementor-column elementor-col-100 elementor-top-column elementor-element elementor-element-c7c4054 modul-hide-img\" data-id=\"c7c4054\" data-element_type=\"column\">\n\t\t\t<div class=\"elementor-widget-wrap elementor-element-populated\">\n\t\t\t\t\t\t<div class=\"elementor-element elementor-element-1bb3e4b elementor-widget elementor-widget-about_us\" data-id=\"1bb3e4b\" data-element_type=\"widget\" data-widget_type=\"about_us.default\">\n\t\t\t\t<div class=\"elementor-widget-container\">\n\t\t\t        <section class=\"text-block pb-xs-30 pb-sm-50 pb-md-60 on-scroll\">\r\n            <div class=\"container\">\r\n                <div class=\"row align-items-sm-center align-items-lg-center\">\r\n                    <div class=\"col-md-6 on-scroll fade-left fade-scale\">\r\n                        <div class=\"svg-block\">\r\n                            <svg viewBox=\"0 0 526 502\" fill=\"none\" xmlns=\"http:\/\/www.w3.org\/2000\/svg\" xmlns:xlink=\"http:\/\/www.w3.org\/1999\/xlink\">\r\n                                <mask id=\"img1\" maskUnits=\"userSpaceOnUse\" x=\"0\" y=\"0\" width=\"526\" height=\"502\">\r\n                                    <path d=\"M51 8.49999C125.8 -21.9 276.833 39.8333 343 74.5C288.5 32.5 323 18.5 347 20.5C371 22.5 432.5 44.5 467.5 68C495.5 86.8 491.167 99.8333 485.5 104C489.333 108.333 499.7 121.5 510.5 139.5C524 162 532.5 183.5 517 210C504.6 231.2 446.833 231.833 421 229.5C419.667 229.5 422.4 233.9 444 251.5C471 273.5 495.5 299.5 493.5 330.5C491.9 355.3 436.833 363.833 409.5 365C410.5 368.5 409.8 376.9 399 382.5C388.2 388.1 355.833 387.5 341 386.5C364.167 399 410.3 428.9 409.5 448.5C408.5 473 386.5 492 344 488C301.5 484 238 444.5 250 452.5C262 460.5 280 481.5 271.5 492C263 502.5 236 504.5 216.5 496C197 487.5 81.5 440.5 67.5 397.5C53.5 354.5 83.5 367 81.5 359.5C79.5 352 53 346.5 25.5 293C3.50001 250.2 34.5 226.5 58 224.5C54.8333 224.5 40.3 217.8 23.5 191C6.7 164.2 25.8333 142.5 37.5 135C35.5 133.167 30.6 128.6 27 125C22.5 120.5 -42.5 46.5 51 8.49999Z\" fill=\"#C4C4C4\"\/>\r\n                                <\/mask>\r\n                                <g mask=\"url(#img1)\">\r\n                                    <rect y=\"-13\" width=\"750\" height=\"523\" fill=\"url(#pattern69)\"\/>\r\n                                <\/g>\r\n                                <defs>\r\n                                    <pattern id=\"pattern69\" patternContentUnits=\"objectBoundingBox\" width=\"1\" height=\"1\">\r\n                                        <use xlink:href=\"#for-img69\" transform=\"scale(0.00133333 0.00191205)\"\/>\r\n                                    <\/pattern>\r\n                                    <image id=\"for-img69\" width=\"750\" height=\"523\" xlink:href=\"https:\/\/childrensrightsup.eu\/wp-content\/uploads\/2022\/06\/4-iStock-1294889822.jpg\"><\/image>\r\n                                <\/defs>\r\n                            <\/svg>\r\n                        <\/div>\r\n                    <\/div>\r\n                    <div class=\"col-md-6 on-scroll fade-up fade-scale pt-xs-35 pt-md-0\">\r\n                        <div class=\"block-header mb-xs-25 mb-md-25\">\r\n                            <p class=\"mb-xs-15 mb-lg-8\">\r\n                                Output 5                            <\/p>\r\n                            <h2 class=\"mb-xs-25 mb-md-25\">\r\n                                I MATERIALI VISIVI                            <\/h2>\r\n                        <\/div>\r\n                        <p class=\"mb-xs-20 mb-md-30\">\r\n                            <p>I materiali visivi rispondono all'attuale scenario di ignoranza e false credenze riguardo all'abuso sessuale sui minori, al suo contrasto e all'educazione sessuale in et\u00e0 precoce. Tenendo conto dell'opposizione che ancora esiste al riguardo, il progetto ha ideato questo materiale con l'obiettivo di superare l'iniziale riluttanza a implementare un programma di prevenzione, nonch\u00e9 di rafforzare i messaggi chiave e renderli visibili.<\/p>\n<p>Gli strumenti del kit di sensibilizzazione possono essere utilizzati in anticipo o in combinazione con il resto dei materiali, rafforzandone i messaggi chiave.<\/p>\n<a href=\"https:\/\/childrensrightsup.eu\/wp-content\/uploads\/2023\/04\/CHIAMALI-CON-IL-LORO-NOME.pdf\" target=\"_blank\" class=\"elementor-button-link elementor-button elementor-size-sm btn-main mt-4\" role=\"button\"><span class=\"elementor-button-content-wrapper\"><span class=\"elementor-button-icon elementor-align-icon-left\"><i aria-hidden=\"true\" class=\"fas fa-download\"><\/i><\/span><span class=\"elementor-button-text\">CHIAMALI CON IL LORO NOME<\/span><\/span><\/a>\n\n<a href=\"https:\/\/childrensrightsup.eu\/wp-content\/uploads\/2023\/04\/NON-LASCIARE-CHE-NESSUNO.pdf\" target=\"_blank\" class=\"elementor-button-link elementor-button elementor-size-sm btn-main mt-4\" role=\"button\"><span class=\"elementor-button-content-wrapper\"><span class=\"elementor-button-icon elementor-align-icon-left\"><i aria-hidden=\"true\" class=\"fas fa-download\"><\/i><\/span><span class=\"elementor-button-text\">NON LASCIARE CHE NESSUNO<\/span><\/span><\/a>\n\n<a href=\"https:\/\/childrensrightsup.eu\/wp-content\/uploads\/2023\/04\/FAMMI-DIRE-NO-abracada.pdf\" target=\"_blank\" class=\"elementor-button-link elementor-button elementor-size-sm btn-main mt-4\" role=\"button\"><span class=\"elementor-button-content-wrapper\"><span class=\"elementor-button-icon elementor-align-icon-left\"><i aria-hidden=\"true\" class=\"fas fa-download\"><\/i><\/span><span class=\"elementor-button-text\">FAMMI DIRE NO! ABRACCIO<\/span><\/span><\/a>\n\n<a href=\"https:\/\/childrensrightsup.eu\/wp-content\/uploads\/2023\/04\/FAMMI-DIRE-NOpeto.pdf\" target=\"_blank\" class=\"elementor-button-link elementor-button elementor-size-sm btn-main mt-4\" role=\"button\"><span class=\"elementor-button-content-wrapper\"><span class=\"elementor-button-icon elementor-align-icon-left\"><i aria-hidden=\"true\" class=\"fas fa-download\"><\/i><\/span><span class=\"elementor-button-text\">FAMMI DIRE NO! BACI<\/span><\/span><\/a>\n\n<a href=\"https:\/\/childrensrightsup.eu\/wp-content\/uploads\/2023\/04\/PARTI-DEL-CORPO-LEO.pdf\" target=\"_blank\" class=\"elementor-button-link elementor-button elementor-size-sm btn-main mt-4\" role=\"button\"><span class=\"elementor-button-content-wrapper\"><span class=\"elementor-button-icon elementor-align-icon-left\"><i aria-hidden=\"true\" class=\"fas fa-download\"><\/i><\/span><span class=\"elementor-button-text\">PARTI DEL CORPO (LEO)<\/span><\/span><\/a>\n\n<a href=\"https:\/\/childrensrightsup.eu\/wp-content\/uploads\/2023\/04\/PARTI-DEL-CORPO-SARA.pdf\" target=\"_blank\" class=\"elementor-button-link elementor-button elementor-size-sm btn-main mt-4\" role=\"button\"><span class=\"elementor-button-content-wrapper\"><span class=\"elementor-button-icon elementor-align-icon-left\"><i aria-hidden=\"true\" class=\"fas fa-download\"><\/i><\/span><span class=\"elementor-button-text\">PARTI DEL CORPO (SARA)<\/span><\/span><\/a>\n\n<a href=\"https:\/\/childrensrightsup.eu\/wp-content\/uploads\/2023\/04\/ETA-ED-EDUCASIONE-SESSUALE.pdf\" target=\"_blank\" class=\"elementor-button-link elementor-button elementor-size-sm btn-main mt-4\" role=\"button\"><span class=\"elementor-button-content-wrapper\"><span class=\"elementor-button-icon elementor-align-icon-left\"><i aria-hidden=\"true\" class=\"fas fa-download\"><\/i><\/span><span class=\"elementor-button-text\">ET\u00c0 ED EDUCAZIONE SESSUALE<\/span><\/span><\/a>                        <\/p>\r\n                                            <\/div>\r\n                <\/div>\r\n            <\/div>\r\n        <\/section>\r\n        \t\t<\/div>\n\t\t\t\t<\/div>\n\t\t\t\t\t<\/div>\n\t\t<\/div>\n\t\t\t\t\t<\/div>\n\t\t<\/section>\n\t\t\t\t<\/div>\n\t\t","protected":false},"excerpt":{"rendered":"<p>Output 1 LA GUIDA PER GLI INSEGNANTI La GUIDA PER GLI INSEGNANTI offre le risorse e gli strumenti necessari ai professionisti per essere in grado di prevenire autonomamente gli abusi sessuali sui minori nelle classi della scuola dell&#8217;infanzia. Allo stesso tempo, la GUIDA PER GLI INSEGNANTIcontiene informazioni sul resto dei prodotti creati nell&#8217;ambito del progetto [&hellip;]<\/p>\n","protected":false},"author":1,"featured_media":2427,"parent":0,"menu_order":0,"comment_status":"closed","ping_status":"closed","template":"","meta":{"inline_featured_image":false,"footnotes":""},"class_list":["post-2694","page","type-page","status-publish","has-post-thumbnail","hentry"],"_links":{"self":[{"href":"https:\/\/childrensrightsup.eu\/it\/wp-json\/wp\/v2\/pages\/2694","targetHints":{"allow":["GET"]}}],"collection":[{"href":"https:\/\/childrensrightsup.eu\/it\/wp-json\/wp\/v2\/pages"}],"about":[{"href":"https:\/\/childrensrightsup.eu\/it\/wp-json\/wp\/v2\/types\/page"}],"author":[{"embeddable":true,"href":"https:\/\/childrensrightsup.eu\/it\/wp-json\/wp\/v2\/users\/1"}],"replies":[{"embeddable":true,"href":"https:\/\/childrensrightsup.eu\/it\/wp-json\/wp\/v2\/comments?post=2694"}],"version-history":[{"count":99,"href":"https:\/\/childrensrightsup.eu\/it\/wp-json\/wp\/v2\/pages\/2694\/revisions"}],"predecessor-version":[{"id":5636,"href":"https:\/\/childrensrightsup.eu\/it\/wp-json\/wp\/v2\/pages\/2694\/revisions\/5636"}],"wp:featuredmedia":[{"embeddable":true,"href":"https:\/\/childrensrightsup.eu\/it\/wp-json\/wp\/v2\/media\/2427"}],"wp:attachment":[{"href":"https:\/\/childrensrightsup.eu\/it\/wp-json\/wp\/v2\/media?parent=2694"}],"curies":[{"name":"wp","href":"https:\/\/api.w.org\/{rel}","templated":true}]}}