{"id":2684,"date":"2019-09-09T04:35:27","date_gmt":"2019-09-09T04:35:27","guid":{"rendered":"https:\/\/childrensrightsup.eu\/?page_id=2684"},"modified":"2023-01-14T17:22:55","modified_gmt":"2023-01-14T17:22:55","slug":"home","status":"publish","type":"page","link":"https:\/\/childrensrightsup.eu\/it\/","title":{"rendered":"Home"},"content":{"rendered":"\t\t<div data-elementor-type=\"wp-page\" data-elementor-id=\"2684\" class=\"elementor elementor-2684 elementor-141\">\n\t\t\t\t\t\t<section class=\"elementor-section elementor-top-section elementor-element elementor-element-70ffb19 elementor-section-stretched elementor-section-full_width elementor-section-height-default elementor-section-height-default\" data-id=\"70ffb19\" data-element_type=\"section\" data-settings=\"{&quot;stretch_section&quot;:&quot;section-stretched&quot;}\">\n\t\t\t\t\t\t<div class=\"elementor-container elementor-column-gap-no\">\n\t\t\t\t\t<div class=\"elementor-column elementor-col-100 elementor-top-column elementor-element elementor-element-7a7cdd9\" data-id=\"7a7cdd9\" data-element_type=\"column\">\n\t\t\t<div class=\"elementor-widget-wrap elementor-element-populated\">\n\t\t\t\t\t\t<div class=\"elementor-element elementor-element-80b2b4f no-block-header elementor-widget elementor-widget-foods\" data-id=\"80b2b4f\" data-element_type=\"widget\" data-widget_type=\"foods.default\">\n\t\t\t\t<div class=\"elementor-widget-container\">\n\t\t\t<!-- Begin foods -->\r\n<section\r\n  class=\"food-section wave-block reverce-wave bg-cover pb-xs-90 pb-md-120 pb-lg-150 pt-xs-70 pt-md-110 pt-lg-170 mb-xs-50 mb-md-75 mb-lg-120 lazy\"\r\n  data-src=\"https:\/\/childrensrightsup.eu\/wp-content\/uploads\/2022\/07\/home.jpg\">\r\n  <div class=\"container\">\r\n    <div class=\"row align-items-center\">\r\n      <div class=\"col-md-6 on-scroll fade-left\">\r\n        <div class=\"block-header\">\r\n          <p class=\"mb-xs-15 mb-lg-8\">\r\n                       <\/p>\r\n          <h2 class=\"mb-xs-25 mb-md-25\">\r\n            Children's rights, <span class=\"main-color-font dib\">UP!<\/span>          <\/h2>\r\n        <\/div>\r\n        <p class=\"mb-xs-20 mb-md-45\">\r\n           <i> Children's rights, UP! Preventing child sexual abuse through the promotion of key competences and healthy behaviours in young children from all cultures <\/i> (CRUP)\u00e8 un programma rivolto ai bambini di 4 e 5 anni, ai loro insegnanti e alle famiglie. La missione principale \u00e8 quella di prevenire gli abusi sessuali sui minori in tenera et\u00e0.<br>\n<br>\nQuesto programma \u00e8 stato progettato tenendo conto delle diverse sensibilit\u00e0 culturali, religiose e sociali presenti in Europa.        <\/p>\r\n\r\n              <\/div>\r\n      <div class=\"col-md-6 on-scroll fade-up\">\r\n        <div class=\"svg-block\">\r\n          <svg viewBox=\"0 0 526 502\" fill=\"none\" xmlns=\"http:\/\/www.w3.org\/2000\/svg\"\r\n            xmlns:xlink=\"http:\/\/www.w3.org\/1999\/xlink\">\r\n            <mask id=\"img1-food\" maskUnits=\"userSpaceOnUse\" x=\"0\" y=\"0\" width=\"526\" height=\"502\">\r\n              <path\r\n                d=\"M51 8.49999C125.8 -21.9 276.833 39.8333 343 74.5C288.5 32.5 323 18.5 347 20.5C371 22.5 432.5 44.5 467.5 68C495.5 86.8 491.167 99.8333 485.5 104C489.333 108.333 499.7 121.5 510.5 139.5C524 162 532.5 183.5 517 210C504.6 231.2 446.833 231.833 421 229.5C419.667 229.5 422.4 233.9 444 251.5C471 273.5 495.5 299.5 493.5 330.5C491.9 355.3 436.833 363.833 409.5 365C410.5 368.5 409.8 376.9 399 382.5C388.2 388.1 355.833 387.5 341 386.5C364.167 399 410.3 428.9 409.5 448.5C408.5 473 386.5 492 344 488C301.5 484 238 444.5 250 452.5C262 460.5 280 481.5 271.5 492C263 502.5 236 504.5 216.5 496C197 487.5 81.5 440.5 67.5 397.5C53.5 354.5 83.5 367 81.5 359.5C79.5 352 53 346.5 25.5 293C3.50001 250.2 34.5 226.5 58 224.5C54.8333 224.5 40.3 217.8 23.5 191C6.7 164.2 25.8333 142.5 37.5 135C35.5 133.167 30.6 128.6 27 125C22.5 120.5 -42.5 46.5 51 8.49999Z\"\r\n                fill=\"#C4C4C4\" \/>\r\n            <\/mask>\r\n            <g mask=\"url(#img1-food)\">\r\n              <rect y=\"-13\" width=\"750\" height=\"523\" fill=\"url(#pattern-food-children)\" \/>\r\n            <\/g>\r\n            <defs>\r\n              <pattern id=\"pattern-food-children\" patternContentUnits=\"objectBoundingBox\" width=\"1\" height=\"1\">\r\n                <use xlink:href=\"#for-img1-food\" transform=\"scale(0.00133333 0.00191205)\" \/>\r\n              <\/pattern>\r\n              <image id=\"for-img1-food\" width=\"750\" height=\"523\" xlink:href=\"\">\r\n              <\/image>\r\n            <\/defs>\r\n          <\/svg>\r\n        <\/div>\r\n      <\/div>\r\n    <\/div>\r\n  <\/div>\r\n<\/section>\r\n<!-- End foods -->\r\n\t\t<\/div>\n\t\t\t\t<\/div>\n\t\t\t\t\t<\/div>\n\t\t<\/div>\n\t\t\t\t\t<\/div>\n\t\t<\/section>\n\t\t\t\t<section class=\"elementor-section elementor-top-section elementor-element elementor-element-2f98f55 elementor-section-stretched elementor-section-full_width elementor-section-height-default elementor-section-height-default\" data-id=\"2f98f55\" data-element_type=\"section\" data-settings=\"{&quot;stretch_section&quot;:&quot;section-stretched&quot;}\">\n\t\t\t\t\t\t<div class=\"elementor-container elementor-column-gap-no\">\n\t\t\t\t\t<div class=\"elementor-column elementor-col-100 elementor-top-column elementor-element elementor-element-ea77cc6\" data-id=\"ea77cc6\" data-element_type=\"column\">\n\t\t\t<div class=\"elementor-widget-wrap elementor-element-populated\">\n\t\t\t\t\t\t<div class=\"elementor-element elementor-element-71ab609 elementor-widget elementor-widget-heading\" data-id=\"71ab609\" data-element_type=\"widget\" data-widget_type=\"heading.default\">\n\t\t\t\t<div class=\"elementor-widget-container\">\n\t\t\t<h2 class=\"elementor-heading-title elementor-size-default\">Come?<\/h2>\t\t<\/div>\n\t\t\t\t<\/div>\n\t\t\t\t<div class=\"elementor-element elementor-element-6fcb08d elementor-widget elementor-widget-text-editor\" data-id=\"6fcb08d\" data-element_type=\"widget\" data-widget_type=\"text-editor.default\">\n\t\t\t\t<div class=\"elementor-widget-container\">\n\t\t\t\t\t\t\tSviluppando i seguenti materiali scaricabili a beneficio di chiunque sia interessato a realizzare il progetto.\t\t\t\t\t\t<\/div>\n\t\t\t\t<\/div>\n\t\t\t\t<div class=\"elementor-element elementor-element-54508f2 elementor-widget elementor-widget-advantage\" data-id=\"54508f2\" data-element_type=\"widget\" data-widget_type=\"advantage.default\">\n\t\t\t\t<div class=\"elementor-widget-container\">\n\t\t\t        <!-- Begin advantage listing -->\r\n        <section class=\"mb-xs-60 mb-sm-70 mb-md-90 mb-lg-120\">\r\n            <div class=\"container\">\r\n                <div class=\"row\">\r\n                    <div class=\"col-12\">\r\n                        <div class=\"section-header on-scroll\">\r\n                            <p class=\"h-sub\">\r\n                                                            <\/p>\r\n                            <h2>\r\n                                                            <\/h2>\r\n                        <\/div>\r\n                        <ol class=\"advantage-list pt-xs-0 pt-md-0 pt-lg-20\">\r\n                                                                <li class=\"on-scroll fade-up\">\r\n                                        <div class=\"advantage-block\">\r\n                                            <h5>LA GUIDA PER GLI INSEGNANTI<\/h5>\r\n                                            <p>Una guida per gli insegnanti della prima infanzia<\/p>\r\n                                        <\/div>\r\n                                    <\/li>\r\n                                                                        <li class=\"on-scroll fade-up\">\r\n                                        <div class=\"advantage-block\">\r\n                                            <h5>LE FIABE<\/h5>\r\n                                            <p>Due fiabe per bambini in et\u00e0 prescolare, insegnanti e famiglie.<\/p>\r\n                                        <\/div>\r\n                                    <\/li>\r\n                                                                        <li class=\"on-scroll fade-up\">\r\n                                        <div class=\"advantage-block\">\r\n                                            <h5>IL CORSO PER INSEGNANTI<\/h5>\r\n                                            <p>Un corso di formazione online per insegnanti della prima infanzia<\/p>\r\n                                        <\/div>\r\n                                    <\/li>\r\n                                                                        <li class=\"on-scroll fade-up\">\r\n                                        <div class=\"advantage-block\">\r\n                                            <h5>IL KIT PER LE FAMIGLIE<\/h5>\r\n                                            <p>Materiale di prevenzione per le famiglie di bambini in et\u00e0 prescolare.<\/p>\r\n                                        <\/div>\r\n                                    <\/li>\r\n                                                                        <li class=\"on-scroll fade-up\">\r\n                                        <div class=\"advantage-block\">\r\n                                            <h5>I VISUALI<\/h5>\r\n                                            <p>Materiale visivo per diffondere il programma di prevenzione<\/p>\r\n                                        <\/div>\r\n                                    <\/li>\r\n                                                            <\/ol>\r\n                    <\/div>\r\n                <\/div>\r\n            <\/div>\r\n        <\/section>\r\n        <!-- End advantage listing -->\r\n        \t\t<\/div>\n\t\t\t\t<\/div>\n\t\t\t\t<div class=\"elementor-element elementor-element-6a0d419 elementor-widget elementor-widget-about_us\" data-id=\"6a0d419\" data-element_type=\"widget\" data-widget_type=\"about_us.default\">\n\t\t\t\t<div class=\"elementor-widget-container\">\n\t\t\t        <section class=\"text-block pb-xs-30 pb-sm-50 pb-md-60 on-scroll\">\r\n            <div class=\"container\">\r\n                <div class=\"row align-items-sm-center align-items-lg-center\">\r\n                    <div class=\"col-md-6 on-scroll fade-left fade-scale\">\r\n                        <div class=\"svg-block\">\r\n                            <svg viewBox=\"0 0 526 502\" fill=\"none\" xmlns=\"http:\/\/www.w3.org\/2000\/svg\" xmlns:xlink=\"http:\/\/www.w3.org\/1999\/xlink\">\r\n                                <mask id=\"img1\" maskUnits=\"userSpaceOnUse\" x=\"0\" y=\"0\" width=\"526\" height=\"502\">\r\n                                    <path d=\"M51 8.49999C125.8 -21.9 276.833 39.8333 343 74.5C288.5 32.5 323 18.5 347 20.5C371 22.5 432.5 44.5 467.5 68C495.5 86.8 491.167 99.8333 485.5 104C489.333 108.333 499.7 121.5 510.5 139.5C524 162 532.5 183.5 517 210C504.6 231.2 446.833 231.833 421 229.5C419.667 229.5 422.4 233.9 444 251.5C471 273.5 495.5 299.5 493.5 330.5C491.9 355.3 436.833 363.833 409.5 365C410.5 368.5 409.8 376.9 399 382.5C388.2 388.1 355.833 387.5 341 386.5C364.167 399 410.3 428.9 409.5 448.5C408.5 473 386.5 492 344 488C301.5 484 238 444.5 250 452.5C262 460.5 280 481.5 271.5 492C263 502.5 236 504.5 216.5 496C197 487.5 81.5 440.5 67.5 397.5C53.5 354.5 83.5 367 81.5 359.5C79.5 352 53 346.5 25.5 293C3.50001 250.2 34.5 226.5 58 224.5C54.8333 224.5 40.3 217.8 23.5 191C6.7 164.2 25.8333 142.5 37.5 135C35.5 133.167 30.6 128.6 27 125C22.5 120.5 -42.5 46.5 51 8.49999Z\" fill=\"#C4C4C4\"\/>\r\n                                <\/mask>\r\n                                <g mask=\"url(#img1)\">\r\n                                    <rect y=\"-13\" width=\"750\" height=\"523\" fill=\"url(#pattern78)\"\/>\r\n                                <\/g>\r\n                                <defs>\r\n                                    <pattern id=\"pattern78\" patternContentUnits=\"objectBoundingBox\" width=\"1\" height=\"1\">\r\n                                        <use xlink:href=\"#for-img78\" transform=\"scale(0.00133333 0.00191205)\"\/>\r\n                                    <\/pattern>\r\n                                    <image id=\"for-img78\" width=\"750\" height=\"523\" xlink:href=\"https:\/\/childrensrightsup.eu\/wp-content\/uploads\/2022\/06\/3-optim.jpg\"><\/image>\r\n                                <\/defs>\r\n                            <\/svg>\r\n                        <\/div>\r\n                    <\/div>\r\n                    <div class=\"col-md-6 on-scroll fade-up fade-scale pt-xs-35 pt-md-0\">\r\n                        <div class=\"block-header mb-xs-25 mb-md-25\">\r\n                            <p class=\"mb-xs-15 mb-lg-8\">\r\n                                Consiglio d'Europa, 2011                            <\/p>\r\n                            <h2 class=\"mb-xs-25 mb-md-25\">\r\n                                <span>L'abuso sessuale sui minori<\/span> \u00e8 una forma di maltrattamento infantile che colpisce un bambino su cinque in Europa                            <\/h2>\r\n                        <\/div>\r\n                        <p class=\"mb-xs-20 mb-md-30\">\r\n                            I bambini che hanno subito abusi sessuali hanno maggiori probabilit\u00e0 di avere gravi difficolt\u00e0 sociali, emotive, comportamentali e fisiche che possono influenzare la loro vita.<br><br>\n\nTuttavia, contrariamente a quanto molti potrebbero pensare, <b><font size=\"+1\">l'abuso sessuale sui minori pu\u00f2 essere prevenuto. <\/font><\/b> <br><br>Diversi studi hanno sostenuto che insegnare ai bambini l'educazione sessuale fin da piccoli ha effetti positivi e pu\u00f2 ridurre della met\u00e0 il tasso di abusi sessuali.                        <\/p>\r\n                                            <\/div>\r\n                <\/div>\r\n            <\/div>\r\n        <\/section>\r\n        \t\t<\/div>\n\t\t\t\t<\/div>\n\t\t\t\t<div class=\"elementor-element elementor-element-163b467 elementor-widget elementor-widget-vision-mission\" data-id=\"163b467\" data-element_type=\"widget\" data-widget_type=\"vision-mission.default\">\n\t\t\t\t<div class=\"elementor-widget-container\">\n\t\t\t        <!-- Begin statements -->\r\n        <section class=\"wave-block pt-xs-110 pt-md-120 pt-lg-150 mb-xs-50 mb-sm-50 mb-md-70 mb-lg-120 lazy\" data-src=\"https:\/\/childrensrightsup.eu\/wp-content\/uploads\/2022\/05\/footer-bg.svg\">\r\n            <div class=\"container\">\r\n                <div class=\"row\">\r\n                    <div class=\"col-12\">\r\n                        <div class=\"section-header\">\r\n                            <p class=\"h-sub\"><\/p>\r\n                            <h2>Questo programma ha lo scopo di:<\/h2>\r\n                        <\/div>\r\n                        <ul class=\"statement-list statement-slider\" data-show-count='3' data-show-count-md='2' data-show-count-mob='1' data-slick-speed=\"5000\" data-slick-autoplay=\"true\">\r\n                                                                <li>\r\n                                        <div class=\"statement-card\">\r\n                                            <div class=\"statement-ico\">\r\n                                                <img decoding=\"async\" src=\"https:\/\/childrensrightsup.eu\/wp-content\/themes\/childit\/assets\/img\/lazy.png\" class=\"lazy\" data-src=\"https:\/\/childrensrightsup.eu\/wp-content\/uploads\/2022\/05\/icona-1.png\" alt=\"\">\r\n                                            <\/div>\r\n                                            <h4><\/h4>\r\n                                            <p>Offrire informazioni e suggerimenti agli insegnanti della scuola dell'infanzia per aiutarli a prevenire e affrontare l'abuso sessuale sui minori nelle loro classi.<\/p>\r\n                                        <\/div>\r\n                                    <\/li>\r\n                                                                        <li>\r\n                                        <div class=\"statement-card\">\r\n                                            <div class=\"statement-ico\">\r\n                                                <img decoding=\"async\" src=\"https:\/\/childrensrightsup.eu\/wp-content\/themes\/childit\/assets\/img\/lazy.png\" class=\"lazy\" data-src=\"https:\/\/childrensrightsup.eu\/wp-content\/uploads\/2022\/05\/icona-3.png\" alt=\"\">\r\n                                            <\/div>\r\n                                            <h4><\/h4>\r\n                                            <p>Fornire strumenti alle famiglie dei bambini in et\u00e0 prescolare per la promozione del benessere dei bambini e la prevenzione degli abusi sessuali.<\/p>\r\n                                        <\/div>\r\n                                    <\/li>\r\n                                                                        <li>\r\n                                        <div class=\"statement-card\">\r\n                                            <div class=\"statement-ico\">\r\n                                                <img decoding=\"async\" src=\"https:\/\/childrensrightsup.eu\/wp-content\/themes\/childit\/assets\/img\/lazy.png\" class=\"lazy\" data-src=\"https:\/\/childrensrightsup.eu\/wp-content\/uploads\/2022\/05\/icona-2.png\" alt=\"\">\r\n                                            <\/div>\r\n                                            <h4><\/h4>\r\n                                            <p>Offrire strumenti agli insegnanti e alle famiglie per un'educazione sessuale rispettosa, sana e inclusiva fin dalla prima infanzia.<\/p>\r\n                                        <\/div>\r\n                                    <\/li>\r\n                                                            <\/ul>\r\n                    <\/div>\r\n                <\/div>\r\n            <\/div>\r\n        <\/section>\r\n        <!-- End statements -->\r\n        \t\t<\/div>\n\t\t\t\t<\/div>\n\t\t\t\t\t<\/div>\n\t\t<\/div>\n\t\t\t\t\t<\/div>\n\t\t<\/section>\n\t\t\t\t<\/div>\n\t\t","protected":false},"excerpt":{"rendered":"<p>Children&#8217;s rights, UP! Children&#8217;s rights, UP! Preventing child sexual abuse through the promotion of key competences and healthy behaviours in young children from all cultures (CRUP)\u00e8 un programma rivolto ai bambini di 4 e 5 anni, ai loro insegnanti e alle famiglie. La missione principale \u00e8 quella di prevenire gli abusi sessuali sui minori in [&hellip;]<\/p>\n","protected":false},"author":1,"featured_media":0,"parent":0,"menu_order":0,"comment_status":"closed","ping_status":"closed","template":"","meta":{"inline_featured_image":false,"footnotes":""},"class_list":["post-2684","page","type-page","status-publish","hentry"],"_links":{"self":[{"href":"https:\/\/childrensrightsup.eu\/it\/wp-json\/wp\/v2\/pages\/2684","targetHints":{"allow":["GET"]}}],"collection":[{"href":"https:\/\/childrensrightsup.eu\/it\/wp-json\/wp\/v2\/pages"}],"about":[{"href":"https:\/\/childrensrightsup.eu\/it\/wp-json\/wp\/v2\/types\/page"}],"author":[{"embeddable":true,"href":"https:\/\/childrensrightsup.eu\/it\/wp-json\/wp\/v2\/users\/1"}],"replies":[{"embeddable":true,"href":"https:\/\/childrensrightsup.eu\/it\/wp-json\/wp\/v2\/comments?post=2684"}],"version-history":[{"count":14,"href":"https:\/\/childrensrightsup.eu\/it\/wp-json\/wp\/v2\/pages\/2684\/revisions"}],"predecessor-version":[{"id":2721,"href":"https:\/\/childrensrightsup.eu\/it\/wp-json\/wp\/v2\/pages\/2684\/revisions\/2721"}],"wp:attachment":[{"href":"https:\/\/childrensrightsup.eu\/it\/wp-json\/wp\/v2\/media?parent=2684"}],"curies":[{"name":"wp","href":"https:\/\/api.w.org\/{rel}","templated":true}]}}