{"id":2661,"date":"2019-09-14T04:04:40","date_gmt":"2019-09-14T04:04:40","guid":{"rendered":"https:\/\/childrensrightsup.eu\/?page_id=2661"},"modified":"2023-01-14T16:56:08","modified_gmt":"2023-01-14T16:56:08","slug":"keita-me-olemme","status":"publish","type":"page","link":"https:\/\/childrensrightsup.eu\/fi\/keita-me-olemme\/","title":{"rendered":"KEIT\u00c4 ME OLEMME"},"content":{"rendered":"\t\t<div data-elementor-type=\"wp-page\" data-elementor-id=\"2661\" class=\"elementor elementor-2661 elementor-274\">\n\t\t\t\t\t\t<section class=\"elementor-section elementor-top-section elementor-element elementor-element-defc7af elementor-section-boxed elementor-section-height-default elementor-section-height-default\" data-id=\"defc7af\" data-element_type=\"section\">\n\t\t\t\t\t\t<div class=\"elementor-container elementor-column-gap-default\">\n\t\t\t\t\t<div class=\"elementor-column elementor-col-100 elementor-top-column elementor-element elementor-element-e742487\" data-id=\"e742487\" data-element_type=\"column\">\n\t\t\t<div class=\"elementor-widget-wrap elementor-element-populated\">\n\t\t\t\t\t\t<div class=\"elementor-element elementor-element-2289e38 elementor-widget elementor-widget-text-editor\" data-id=\"2289e38\" data-element_type=\"widget\" data-widget_type=\"text-editor.default\">\n\t\t\t\t<div class=\"elementor-widget-container\">\n\t\t\t\t\t\t\tT\u00e4m\u00e4 projekti on syntynyt viiden eurooppalaisen organisaation yhteisty\u00f6n\u00e4. Olemme ty\u00f6skennelleet yhdess\u00e4 projektin eri vaiheissa sek\u00e4 ty\u00f6st\u00e4neet materiaalit yhdess\u00e4 tuoden esiin erilaisia n\u00e4k\u00f6kulmia sek\u00e4 tietoa\t\t\t\t\t\t<\/div>\n\t\t\t\t<\/div>\n\t\t\t\t\t<\/div>\n\t\t<\/div>\n\t\t\t\t\t<\/div>\n\t\t<\/section>\n\t\t\t\t<section class=\"elementor-section elementor-top-section elementor-element elementor-element-550607c elementor-section-stretched elementor-section-full_width elementor-section-height-default elementor-section-height-default\" data-id=\"550607c\" data-element_type=\"section\" data-settings=\"{&quot;stretch_section&quot;:&quot;section-stretched&quot;}\">\n\t\t\t\t\t\t<div class=\"elementor-container elementor-column-gap-default\">\n\t\t\t\t\t<div class=\"elementor-column elementor-col-100 elementor-top-column elementor-element elementor-element-90ea1f4 no-resources\" data-id=\"90ea1f4\" data-element_type=\"column\">\n\t\t\t<div class=\"elementor-widget-wrap elementor-element-populated\">\n\t\t\t\t\t\t<div class=\"elementor-element elementor-element-3b95097 elementor-widget elementor-widget-parent_info\" data-id=\"3b95097\" data-element_type=\"widget\" data-widget_type=\"parent_info.default\">\n\t\t\t\t<div class=\"elementor-widget-container\">\n\t\t\t        <!-- Begin Parent Info -->\r\n        <section class=\"parent-info-section pt-xs-30 pt-md-60 pb-xs-50 pb-md-70 pb-lg-120\">\r\n            <div class=\"container\">\r\n                <div class=\"row\">\r\n                    <div class=\"col-12\">\r\n                        <div class=\"section-header mb-xs-30 mb-md-31\">\r\n                            <p class=\"h-sub\">\r\n                                                            <\/p>\r\n                            <h2>\r\n                                                            <\/h2>\r\n                            <p>\r\n                                                            <\/p>\r\n                        <\/div>\r\n                        <ul class=\"parent-info-list\">\r\n                                                                <li>\r\n                                        <div class=\"parent-info-item\">\r\n                                            <div class=\"parent-info-image\">\r\n                                                <img decoding=\"async\" src=\"https:\/\/childrensrightsup.eu\/wp-content\/themes\/childit\/assets\/img\/lazy.png\" class=\"lazy\" data-src=\"https:\/\/childrensrightsup.eu\/wp-content\/uploads\/2022\/05\/FVB_logo.png\" alt=\"img\">\r\n                                            <\/div>\r\n                                            <div class=\"parent-info-text\">\r\n                                                <div class=\"parent-title\"><span class=\"parent-title__ico\">\r\n                                                        <img decoding=\"async\" src=\"https:\/\/childrensrightsup.eu\/wp-content\/themes\/childit\/assets\/img\/lazy.png\" class=\"lazy\" data-src=\"https:\/\/childrensrightsup.eu\/wp-content\/themes\/childit\/assets\/img\/check.svg\" alt=\"img\"><\/span> <h5><A HREF=\"https:\/\/www.fbernadet.org\/\">Vicki Bernadet Foundation<\/A><\/h5><\/div>\r\n                                                <p>Vicki Bernadet Foundation (FVB) on espanjalainen tunnustettu ja kansallisesti viitattu j\u00e4rjest\u00f6 lasten seksuaalisen hyv\u00e4ksik\u00e4yt\u00f6n ehk\u00e4isemisess\u00e4 ja torjunnassa. Se on seksuaaliseen hyv\u00e4ksik\u00e4ytt\u00f6\u00f6n erikoistunut organisaatio, jolla on yli 20 vuoden kokemus.<\/p>\r\n                                            <\/div>\r\n                                        <\/div>\r\n                                    <\/li>\r\n                                                                        <li>\r\n                                        <div class=\"parent-info-item\">\r\n                                            <div class=\"parent-info-image\">\r\n                                                <img decoding=\"async\" src=\"https:\/\/childrensrightsup.eu\/wp-content\/themes\/childit\/assets\/img\/lazy.png\" class=\"lazy\" data-src=\"https:\/\/childrensrightsup.eu\/wp-content\/uploads\/2022\/05\/EFS_logo.png\" alt=\"img\">\r\n                                            <\/div>\r\n                                            <div class=\"parent-info-text\">\r\n                                                <div class=\"parent-title\"><span class=\"parent-title__ico\">\r\n                                                        <img decoding=\"async\" src=\"https:\/\/childrensrightsup.eu\/wp-content\/themes\/childit\/assets\/img\/lazy.png\" class=\"lazy\" data-src=\"https:\/\/childrensrightsup.eu\/wp-content\/themes\/childit\/assets\/img\/check.svg\" alt=\"img\"><\/span> <h5><A HREF=\"http:\/\/www.europeansexology.com\">European Federation of Sexology<\/A> <\/h5><\/div>\r\n                                                <p>European Federation of Sexology (EFS) on eurooppalainen keskusj\u00e4rjest\u00f6, jonka teht\u00e4v\u00e4n\u00e4 on levitt\u00e4\u00e4 tietoa ja tutkia seksuaalisuutta sek\u00e4 seksuaalikasvatusta. J\u00e4rjest\u00f6ll\u00e4 on kokemusta Euroopan tason koulutusohjelmista ja se kehitt\u00e4\u00e4 niit\u00e4 EU:n arvot seksuaalisuuteen liittyviss\u00e4 aiheissa huomioiden. <\/p>\r\n                                            <\/div>\r\n                                        <\/div>\r\n                                    <\/li>\r\n                                                                        <li>\r\n                                        <div class=\"parent-info-item\">\r\n                                            <div class=\"parent-info-image\">\r\n                                                <img decoding=\"async\" src=\"https:\/\/childrensrightsup.eu\/wp-content\/themes\/childit\/assets\/img\/lazy.png\" class=\"lazy\" data-src=\"https:\/\/childrensrightsup.eu\/wp-content\/uploads\/2022\/05\/EPA_logo.jpg\" alt=\"img\">\r\n                                            <\/div>\r\n                                            <div class=\"parent-info-text\">\r\n                                                <div class=\"parent-title\"><span class=\"parent-title__ico\">\r\n                                                        <img decoding=\"async\" src=\"https:\/\/childrensrightsup.eu\/wp-content\/themes\/childit\/assets\/img\/lazy.png\" class=\"lazy\" data-src=\"https:\/\/childrensrightsup.eu\/wp-content\/themes\/childit\/assets\/img\/check.svg\" alt=\"img\"><\/span> <h5><A HREF=\"https:\/\/europarents.eu\">European Parents Association<\/A> <\/h5><\/div>\r\n                                                <p>European Parents Association (EPA) on Brysseliss\u00e4 sijaitseva eurooppalainen kattoj\u00e4rjest\u00f6, joka yhdist\u00e4\u00e4 eurooppalaiset vanhempainyhdistykset. N\u00e4m\u00e4 yhdistykset edustavat yhteens\u00e4 yli 150 miljoonaa is\u00e4\u00e4 ja \u00e4iti\u00e4. Perheiden n\u00e4k\u00f6kulma (kaikessa monimuotoisuudessaan) sis\u00e4llytet\u00e4\u00e4n jokaiseen projektiin, jossa he ovat mukana.<\/p>\r\n                                            <\/div>\r\n                                        <\/div>\r\n                                    <\/li>\r\n                                                                        <li>\r\n                                        <div class=\"parent-info-item\">\r\n                                            <div class=\"parent-info-image\">\r\n                                                <img decoding=\"async\" src=\"https:\/\/childrensrightsup.eu\/wp-content\/themes\/childit\/assets\/img\/lazy.png\" class=\"lazy\" data-src=\"https:\/\/childrensrightsup.eu\/wp-content\/uploads\/2022\/05\/CCE_logo.jpeg\" alt=\"img\">\r\n                                            <\/div>\r\n                                            <div class=\"parent-info-text\">\r\n                                                <div class=\"parent-title\"><span class=\"parent-title__ico\">\r\n                                                        <img decoding=\"async\" src=\"https:\/\/childrensrightsup.eu\/wp-content\/themes\/childit\/assets\/img\/lazy.png\" class=\"lazy\" data-src=\"https:\/\/childrensrightsup.eu\/wp-content\/themes\/childit\/assets\/img\/check.svg\" alt=\"img\"><\/span> <h5><A HREF=\"https:\/\/www.ccefinland.org\/\">Council for Creative Education<\/A><\/h5><\/div>\r\n                                                <p>Council for Creative Education (CCE) on suomalainen koulutusalaan erikoistunut j\u00e4rjest\u00f6. CCE tarjoaa varhaiskasvatuksen verkkokoulutusta, joka pohjaa uusiin 21. vuosisadan taitoihin lasten tarpeiden kunnioittamisen sek\u00e4 tukemisen n\u00e4k\u00f6kulmasta.<\/p>\r\n                                            <\/div>\r\n                                        <\/div>\r\n                                    <\/li>\r\n                                                                        <li>\r\n                                        <div class=\"parent-info-item\">\r\n                                            <div class=\"parent-info-image\">\r\n                                                <img decoding=\"async\" src=\"https:\/\/childrensrightsup.eu\/wp-content\/themes\/childit\/assets\/img\/lazy.png\" class=\"lazy\" data-src=\"https:\/\/childrensrightsup.eu\/wp-content\/uploads\/2022\/05\/NAONO_logo.png\" alt=\"img\">\r\n                                            <\/div>\r\n                                            <div class=\"parent-info-text\">\r\n                                                <div class=\"parent-title\"><span class=\"parent-title__ico\">\r\n                                                        <img decoding=\"async\" src=\"https:\/\/childrensrightsup.eu\/wp-content\/themes\/childit\/assets\/img\/lazy.png\" class=\"lazy\" data-src=\"https:\/\/childrensrightsup.eu\/wp-content\/themes\/childit\/assets\/img\/check.svg\" alt=\"img\"><\/span> <h5><A HREF=\"https:\/\/naono.es\">Naono<\/A><\/h5><\/div>\r\n                                                <p>Naono on espanjalainen organisaatio, jolla on 20 vuoden kokemus julkaisualalta. Organisaatio toimii koulutustuotteiden ja -julkaisujen suunnittelun sek\u00e4 konseptoinnin asiantuntijana. Heill\u00e4 on runsaasti kokemusta projekteista, joissa korostetaan sosiaalisia tavoitteita.<\/p>\r\n                                            <\/div>\r\n                                        <\/div>\r\n                                    <\/li>\r\n                                                            <\/ul>\r\n                        <div class=\"parent-resources-wrap pt-50\">\r\n                            <div class=\"section-header mb-xs-30 mb-md-31\">\r\n                                <h3>\r\n                                                                    <\/h3>\r\n                                <p>\r\n                                                                    <\/p>\r\n                            <\/div>\r\n                            <ul class=\"resources-list\">\r\n                                                                        <li>\r\n                                            <div class=\"resources-block\">\r\n                                                <div class=\"resources-img\">\r\n                                                    <img decoding=\"async\" src=\"https:\/\/childrensrightsup.eu\/wp-content\/themes\/childit\/assets\/img\/lazy.png\" class=\"lazy resource-ico\" data-src=\"\" alt=\"img\">\r\n                                                    <img decoding=\"async\" src=\"https:\/\/childrensrightsup.eu\/wp-content\/themes\/childit\/assets\/img\/lazy.png\" class=\"lazy cloud\" data-src=\"https:\/\/childrensrightsup.eu\/wp-content\/themes\/childit\/assets\/img\/cloud-small.svg\" alt=\"img\">\r\n                                                <\/div>\r\n                                                <div class=\"resources-text\">\r\n                                                    <p><\/p>\r\n                                                    <a href=\"#\"><img decoding=\"async\" src=\"https:\/\/childrensrightsup.eu\/wp-content\/themes\/childit\/assets\/img\/lazy.png\" class=\"lazy\" data-src=\"https:\/\/childrensrightsup.eu\/wp-content\/themes\/childit\/assets\/img\/pdf-ico.svg\" alt=\"img\">download<\/a>\r\n                                                <\/div>\r\n                                            <\/div>\r\n                                        <\/li>\r\n                                                                    <\/ul>\r\n                        <\/div>\r\n                    <\/div>\r\n                <\/div>\r\n            <\/div>\r\n        <\/section>\r\n        <!-- End Parent Info -->\r\n        \t\t<\/div>\n\t\t\t\t<\/div>\n\t\t\t\t\t<\/div>\n\t\t<\/div>\n\t\t\t\t\t<\/div>\n\t\t<\/section>\n\t\t\t\t<\/div>\n\t\t","protected":false},"excerpt":{"rendered":"<p>T\u00e4m\u00e4 projekti on syntynyt viiden eurooppalaisen organisaation yhteisty\u00f6n\u00e4. Olemme ty\u00f6skennelleet yhdess\u00e4 projektin eri vaiheissa sek\u00e4 ty\u00f6st\u00e4neet materiaalit yhdess\u00e4 tuoden esiin erilaisia n\u00e4k\u00f6kulmia sek\u00e4 tietoa Vicki Bernadet Foundation Vicki Bernadet Foundation (FVB) on espanjalainen tunnustettu ja kansallisesti viitattu j\u00e4rjest\u00f6 lasten seksuaalisen hyv\u00e4ksik\u00e4yt\u00f6n ehk\u00e4isemisess\u00e4 ja torjunnassa. Se on seksuaaliseen hyv\u00e4ksik\u00e4ytt\u00f6\u00f6n erikoistunut organisaatio, jolla on yli 20 vuoden [&hellip;]<\/p>\n","protected":false},"author":1,"featured_media":0,"parent":0,"menu_order":0,"comment_status":"closed","ping_status":"closed","template":"","meta":{"inline_featured_image":false,"footnotes":""},"class_list":["post-2661","page","type-page","status-publish","hentry"],"_links":{"self":[{"href":"https:\/\/childrensrightsup.eu\/fi\/wp-json\/wp\/v2\/pages\/2661","targetHints":{"allow":["GET"]}}],"collection":[{"href":"https:\/\/childrensrightsup.eu\/fi\/wp-json\/wp\/v2\/pages"}],"about":[{"href":"https:\/\/childrensrightsup.eu\/fi\/wp-json\/wp\/v2\/types\/page"}],"author":[{"embeddable":true,"href":"https:\/\/childrensrightsup.eu\/fi\/wp-json\/wp\/v2\/users\/1"}],"replies":[{"embeddable":true,"href":"https:\/\/childrensrightsup.eu\/fi\/wp-json\/wp\/v2\/comments?post=2661"}],"version-history":[{"count":10,"href":"https:\/\/childrensrightsup.eu\/fi\/wp-json\/wp\/v2\/pages\/2661\/revisions"}],"predecessor-version":[{"id":2677,"href":"https:\/\/childrensrightsup.eu\/fi\/wp-json\/wp\/v2\/pages\/2661\/revisions\/2677"}],"wp:attachment":[{"href":"https:\/\/childrensrightsup.eu\/fi\/wp-json\/wp\/v2\/media?parent=2661"}],"curies":[{"name":"wp","href":"https:\/\/api.w.org\/{rel}","templated":true}]}}