{"id":2477,"date":"2022-05-21T15:38:32","date_gmt":"2022-05-21T15:38:32","guid":{"rendered":"https:\/\/childrensrightsup.eu\/families\/"},"modified":"2023-04-18T14:17:20","modified_gmt":"2023-04-18T14:17:20","slug":"families","status":"publish","type":"page","link":"https:\/\/childrensrightsup.eu\/ca\/families\/","title":{"rendered":"Fam\u00edlies"},"content":{"rendered":"\t\t<div data-elementor-type=\"wp-page\" data-elementor-id=\"2477\" class=\"elementor elementor-2477 elementor-1167\">\n\t\t\t\t\t\t<section class=\"elementor-section elementor-top-section elementor-element elementor-element-550607c elementor-section-stretched elementor-section-full_width elementor-section-height-default elementor-section-height-default\" data-id=\"550607c\" data-element_type=\"section\" data-settings=\"{&quot;stretch_section&quot;:&quot;section-stretched&quot;}\">\n\t\t\t\t\t\t<div class=\"elementor-container elementor-column-gap-default\">\n\t\t\t\t\t<div class=\"elementor-column elementor-col-100 elementor-top-column elementor-element elementor-element-90ea1f4 modul-pb-custom modul-hide-img\" data-id=\"90ea1f4\" data-element_type=\"column\">\n\t\t\t<div class=\"elementor-widget-wrap elementor-element-populated\">\n\t\t\t\t\t\t<div class=\"elementor-element elementor-element-f34ede4 elementor-widget elementor-widget-about_us_three\" data-id=\"f34ede4\" data-element_type=\"widget\" data-widget_type=\"about_us_three.default\">\n\t\t\t\t<div class=\"elementor-widget-container\">\n\t\t\t        <!-- Begin text-block -->\r\n        <section class=\"text-block text-block-reverce pb-xs-50 pb-sm-60 pb-md-60 pb-lg-120 pt-0\">\r\n            <div class=\"container\">\r\n                <div class=\"row align-items-sm-center align-items-lg-start\">\r\n                    <div class=\"col-md-6\">\r\n                        <div class=\"block-header pt-0\">\r\n                            <p class=\"mb-xs-15 mb-lg-8\">\r\n                                Output 4                            <\/p>\r\n                            <h2 class=\"mb-xs-25 mb-md-25\">\r\n                                El kit <span>per a fam\u00edlies<\/span>                            <\/h2>\r\n                        <\/div>\r\n                        <p class=\"mb-xs-15 mb-lg-8\">El <strong>KIT PER A FAM\u00cdLIES<\/strong> s'adre\u00e7a a totes les fam\u00edlies independentment del seu origen cultural o socioecon\u00f2mic, composici\u00f3, \u00e8tnia, religi\u00f3, orientaci\u00f3 sexual o nacionalitat i ha estat creat per:<\/p>\n                            <ul class=\"pt-2\">\n                                <li>\n                                    <p>Ajudar a les fam\u00edlies i altres membres de la fam\u00edlia i cuidadors a comprendre el desenvolupament sexual dels infants<\/p>\n                                <\/li>\n                                <li>\n                                    <p>Donar suport en l'educaci\u00f3 afectiva i sexual<\/p>\n                                <\/li>\n                                <li>\n                                    <p>Proporcionar habilitats, coneixements i eines per prevenir l'ab\u00fas sexual des de ben petits o per recon\u00e8ixer-lo eventualment<\/p>\n                                <\/li>\n                            <\/ul>\n<a href=\"https:\/\/childrensrightsup.eu\/wp-content\/uploads\/2023\/04\/KITFORFAMILIES_CATALA.pdf\" target=\"_blank\" class=\"elementor-button-link elementor-button elementor-size-sm btn-main mt-4\" role=\"button\">\n\t\t\t\t\t\t<span class=\"elementor-button-content-wrapper\">\n\t\t\t\t\t\t\t<span class=\"elementor-button-icon elementor-align-icon-left\">\n\t\t\t\t<i aria-hidden=\"true\" class=\"fas fa-download\"><\/i>\t\t\t<\/span>\n\t\t\t\t\t\t<span class=\"elementor-button-text\">Descarregar<\/span>\n\t\t<\/span>\n\t\t\t\t\t<\/a>                    <\/div>\r\n                    <div class=\"col-md-6\">\r\n                        <div class=\"svg-block video-block\">\r\n                            <img decoding=\"async\" src=\"https:\/\/childrensrightsup.eu\/wp-content\/themes\/childit\/assets\/img\/lazy.png\" class=\"video-prev lazy\" data-src=\"https:\/\/childrensrightsup.eu\/wp-content\/uploads\/2022\/06\/1-iStock-1266951815.jpg\" alt=\"\">\r\n                        <\/div>\r\n                    <\/div>\r\n                <\/div>\r\n            <\/div>\r\n        <\/section>\r\n        \t\t<\/div>\n\t\t\t\t<\/div>\n\t\t\t\t\t<\/div>\n\t\t<\/div>\n\t\t\t\t\t<\/div>\n\t\t<\/section>\n\t\t\t\t<section class=\"elementor-section elementor-top-section elementor-element elementor-element-1211920 elementor-section-stretched elementor-section-full_width elementor-section-height-default elementor-section-height-default\" data-id=\"1211920\" data-element_type=\"section\" data-settings=\"{&quot;stretch_section&quot;:&quot;section-stretched&quot;}\">\n\t\t\t\t\t\t<div class=\"elementor-container elementor-column-gap-default\">\n\t\t\t\t\t<div class=\"elementor-column elementor-col-100 elementor-top-column elementor-element elementor-element-cdfcce9 modul-hide-img\" data-id=\"cdfcce9\" data-element_type=\"column\">\n\t\t\t<div class=\"elementor-widget-wrap elementor-element-populated\">\n\t\t\t\t\t\t<div class=\"elementor-element elementor-element-321f1bb elementor-widget elementor-widget-about_us\" data-id=\"321f1bb\" data-element_type=\"widget\" data-widget_type=\"about_us.default\">\n\t\t\t\t<div class=\"elementor-widget-container\">\n\t\t\t        <section class=\"text-block pb-xs-30 pb-sm-50 pb-md-60 on-scroll\">\r\n            <div class=\"container\">\r\n                <div class=\"row align-items-sm-center align-items-lg-center\">\r\n                    <div class=\"col-md-6 on-scroll fade-left fade-scale\">\r\n                        <div class=\"svg-block\">\r\n                            <svg viewBox=\"0 0 526 502\" fill=\"none\" xmlns=\"http:\/\/www.w3.org\/2000\/svg\" xmlns:xlink=\"http:\/\/www.w3.org\/1999\/xlink\">\r\n                                <mask id=\"img1\" maskUnits=\"userSpaceOnUse\" x=\"0\" y=\"0\" width=\"526\" height=\"502\">\r\n                                    <path d=\"M51 8.49999C125.8 -21.9 276.833 39.8333 343 74.5C288.5 32.5 323 18.5 347 20.5C371 22.5 432.5 44.5 467.5 68C495.5 86.8 491.167 99.8333 485.5 104C489.333 108.333 499.7 121.5 510.5 139.5C524 162 532.5 183.5 517 210C504.6 231.2 446.833 231.833 421 229.5C419.667 229.5 422.4 233.9 444 251.5C471 273.5 495.5 299.5 493.5 330.5C491.9 355.3 436.833 363.833 409.5 365C410.5 368.5 409.8 376.9 399 382.5C388.2 388.1 355.833 387.5 341 386.5C364.167 399 410.3 428.9 409.5 448.5C408.5 473 386.5 492 344 488C301.5 484 238 444.5 250 452.5C262 460.5 280 481.5 271.5 492C263 502.5 236 504.5 216.5 496C197 487.5 81.5 440.5 67.5 397.5C53.5 354.5 83.5 367 81.5 359.5C79.5 352 53 346.5 25.5 293C3.50001 250.2 34.5 226.5 58 224.5C54.8333 224.5 40.3 217.8 23.5 191C6.7 164.2 25.8333 142.5 37.5 135C35.5 133.167 30.6 128.6 27 125C22.5 120.5 -42.5 46.5 51 8.49999Z\" fill=\"#C4C4C4\"\/>\r\n                                <\/mask>\r\n                                <g mask=\"url(#img1)\">\r\n                                    <rect y=\"-13\" width=\"750\" height=\"523\" fill=\"url(#pattern88)\"\/>\r\n                                <\/g>\r\n                                <defs>\r\n                                    <pattern id=\"pattern88\" patternContentUnits=\"objectBoundingBox\" width=\"1\" height=\"1\">\r\n                                        <use xlink:href=\"#for-img88\" transform=\"scale(0.00133333 0.00191205)\"\/>\r\n                                    <\/pattern>\r\n                                    <image id=\"for-img88\" width=\"750\" height=\"523\" xlink:href=\"https:\/\/childrensrightsup.eu\/wp-content\/uploads\/2022\/06\/2-iStock-1325064833.jpg\"><\/image>\r\n                                <\/defs>\r\n                            <\/svg>\r\n                        <\/div>\r\n                    <\/div>\r\n                    <div class=\"col-md-6 on-scroll fade-up fade-scale pt-xs-35 pt-md-0\">\r\n                        <div class=\"block-header mb-xs-25 mb-md-25\">\r\n                            <p class=\"mb-xs-15 mb-lg-8\">\r\n                                Output 2                            <\/p>\r\n                            <h2 class=\"mb-xs-25 mb-md-25\">\r\n                                Els contes                            <\/h2>\r\n                        <\/div>\r\n                        <p class=\"mb-xs-20 mb-md-30\">\r\n                            <p>Els llibres s\u00f3n una gran eina per ensenyar als infants petits. La lectura estimula la imaginaci\u00f3 i la creativitat dels infants i els desperta l'inter\u00e8s per les coses que els envolten.<\/p>\n<p>Aquests dos contes, adre\u00e7ats a infants de 4 i 5 anys, s'han desenvolupat per treballar l'ab\u00fas sexual infantil. Incorporen continguts d'educaci\u00f3 sexual amb una perspectiva de promoci\u00f3 de la salut.<\/p>\n<p>Els protagonistes d'aquestes dues hist\u00f2ries s\u00f3n el Leo i la Sara. Amb ells podrem descobrir diferents maneres d'estimar, aprendrem a identificar emocions i ajudarem a posar l\u00edmits a aquelles accions que no ens fan sentir c\u00f2modes.<\/p>\n<p>Al final dels llibres trobareu una guia did\u00e0ctica que aportar\u00e0 idees a mares, pares i professorat sobre com tractar els problemes que es plantegen durant la lectura del conte.<\/p>\n<a href=\"https:\/\/childrensrightsup.eu\/wp-content\/uploads\/2023\/04\/Conte-1_CAT.pdf\" target=\"_blank\" class=\"elementor-button-link elementor-button elementor-size-sm btn-main mt-4\" role=\"button\"><span class=\"elementor-button-content-wrapper\"><span class=\"elementor-button-icon elementor-align-icon-left\"><i aria-hidden=\"true\" class=\"fas fa-download\"><\/i><\/span><span class=\"elementor-button-text\">Conte 1<\/span><\/span><\/a>\n<a href=\"https:\/\/childrensrightsup.eu\/wp-content\/uploads\/2023\/04\/Conte-2_CAT.pdf\" target=\"_blank\" class=\"elementor-button-link elementor-button elementor-size-sm btn-main mt-4\" role=\"button\"><span class=\"elementor-button-content-wrapper\"><span class=\"elementor-button-icon elementor-align-icon-left\"><i aria-hidden=\"true\" class=\"fas fa-download\"><\/i><\/span><span class=\"elementor-button-text\">Conte 2<\/span><\/span><\/a>                        <\/p>\r\n                                            <\/div>\r\n                <\/div>\r\n            <\/div>\r\n        <\/section>\r\n        \t\t<\/div>\n\t\t\t\t<\/div>\n\t\t\t\t\t<\/div>\n\t\t<\/div>\n\t\t\t\t\t<\/div>\n\t\t<\/section>\n\t\t\t\t<section class=\"elementor-section elementor-top-section elementor-element elementor-element-f0da049 elementor-section-stretched elementor-section-full_width elementor-section-height-default elementor-section-height-default\" data-id=\"f0da049\" data-element_type=\"section\" data-settings=\"{&quot;stretch_section&quot;:&quot;section-stretched&quot;}\">\n\t\t\t\t\t\t<div class=\"elementor-container elementor-column-gap-default\">\n\t\t\t\t\t<div class=\"elementor-column elementor-col-100 elementor-top-column elementor-element elementor-element-11eb793 modul-pb-custom modul-hide-img\" data-id=\"11eb793\" data-element_type=\"column\">\n\t\t\t<div class=\"elementor-widget-wrap elementor-element-populated\">\n\t\t\t\t\t\t<div class=\"elementor-element elementor-element-eb6d4ac elementor-widget elementor-widget-about_us_three\" data-id=\"eb6d4ac\" data-element_type=\"widget\" data-widget_type=\"about_us_three.default\">\n\t\t\t\t<div class=\"elementor-widget-container\">\n\t\t\t        <!-- Begin text-block -->\r\n        <section class=\"text-block text-block-reverce pb-xs-50 pb-sm-60 pb-md-60 pb-lg-120 pt-0\">\r\n            <div class=\"container\">\r\n                <div class=\"row align-items-sm-center align-items-lg-start\">\r\n                    <div class=\"col-md-6\">\r\n                        <div class=\"block-header pt-0\">\r\n                            <p class=\"mb-xs-15 mb-lg-8\">\r\n                                Output 5                            <\/p>\r\n                            <h2 class=\"mb-xs-25 mb-md-25\">\r\n                                Els p\u00f2sters de difusi\u00f3                            <\/h2>\r\n                        <\/div>\r\n                        <p class=\"mb-xs-15 mb-lg-8\">Els materials visuals responen a l'escenari actual de desconeixement i falses creences sobre l'ab\u00fas sexual infantil, el seu abordatge i l'educaci\u00f3 sexual a edats primerenques. Tenint en compte l'oposici\u00f3 que encara acompanya aquests temes, el projecte ha dissenyat aquest material amb la finalitat de superar les retic\u00e8ncies inicials a posar en marxa un programa de prevenci\u00f3, aix\u00ed com refor\u00e7ar missatges clau i visibilitzar-los.<\/p>\n<p class=\"mb-xs-15 mb-lg-8\">Les eines del kit de sensibilitzaci\u00f3 es poden utilitzar pr\u00e8viament o en combinaci\u00f3 amb la resta de materials, refor\u00e7ant els seus missatges clau.<\/p>\n<a href=\"https:\/\/childrensrightsup.eu\/wp-content\/uploads\/2023\/04\/DIGUE-LI-PEL-SEU-NOM.pdf\" target=\"_blank\" class=\"elementor-button-link elementor-button elementor-size-sm btn-main mt-4\" role=\"button\"><span class=\"elementor-button-content-wrapper\"><span class=\"elementor-button-icon elementor-align-icon-left\"><i aria-hidden=\"true\" class=\"fas fa-download\"><\/i><\/span><span class=\"elementor-button-text\">Digues-li pel seu nom<\/span><\/span><\/a>\n\n<a href=\"https:\/\/childrensrightsup.eu\/wp-content\/uploads\/2023\/04\/NO-DEIXIS-QUE-NINGU.pdf\" target=\"_blank\" class=\"elementor-button-link elementor-button elementor-size-sm btn-main mt-4\" role=\"button\"><span class=\"elementor-button-content-wrapper\"><span class=\"elementor-button-icon elementor-align-icon-left\"><i aria-hidden=\"true\" class=\"fas fa-download\"><\/i><\/span><span class=\"elementor-button-text\">No deixis que ning\u00fa<\/span><\/span><\/a>\n\n<a href=\"https:\/\/childrensrightsup.eu\/wp-content\/uploads\/2023\/04\/DEIXAM-DIR-QUE-NO-abracada.jpg.pdf\" target=\"_blank\" class=\"elementor-button-link elementor-button elementor-size-sm btn-main mt-4\" role=\"button\"><span class=\"elementor-button-content-wrapper\"><span class=\"elementor-button-icon elementor-align-icon-left\"><i aria-hidden=\"true\" class=\"fas fa-download\"><\/i><\/span><span class=\"elementor-button-text\">Deixa'm dir que no! Abra\u00e7ada<\/span><\/span><\/a>\n\n<a href=\"https:\/\/childrensrightsup.eu\/wp-content\/uploads\/2023\/04\/DEIXAM-DIR-QUE-NO-peto.pdf\" target=\"_blank\" class=\"elementor-button-link elementor-button elementor-size-sm btn-main mt-4\" role=\"button\"><span class=\"elementor-button-content-wrapper\"><span class=\"elementor-button-icon elementor-align-icon-left\"><i aria-hidden=\"true\" class=\"fas fa-download\"><\/i><\/span><span class=\"elementor-button-text\">Deixa'm dir que no! Pet\u00f3<\/span><\/span><\/a>\n\n<a href=\"https:\/\/childrensrightsup.eu\/wp-content\/uploads\/2023\/04\/PARTS-DEL-COS-LEO.pdf\" target=\"_blank\" class=\"elementor-button-link elementor-button elementor-size-sm btn-main mt-4\" role=\"button\"><span class=\"elementor-button-content-wrapper\"><span class=\"elementor-button-icon elementor-align-icon-left\"><i aria-hidden=\"true\" class=\"fas fa-download\"><\/i><\/span><span class=\"elementor-button-text\">Parts del cos (Leo)<\/span><\/span><\/a>\n\n<a href=\"https:\/\/childrensrightsup.eu\/wp-content\/uploads\/2023\/04\/PARTS-DEL-COS-SARA.pdf\" target=\"_blank\" class=\"elementor-button-link elementor-button elementor-size-sm btn-main mt-4\" role=\"button\"><span class=\"elementor-button-content-wrapper\"><span class=\"elementor-button-icon elementor-align-icon-left\"><i aria-hidden=\"true\" class=\"fas fa-download\"><\/i><\/span><span class=\"elementor-button-text\">Parts del cos (Sara)<\/span><\/span><\/a>\n\n<a href=\"https:\/\/childrensrightsup.eu\/wp-content\/uploads\/2023\/04\/EDAT-I-EDUCACIO-SEXUAL.pdf\" target=\"_blank\" class=\"elementor-button-link elementor-button elementor-size-sm btn-main mt-4\" role=\"button\"><span class=\"elementor-button-content-wrapper\"><span class=\"elementor-button-icon elementor-align-icon-left\"><i aria-hidden=\"true\" class=\"fas fa-download\"><\/i><\/span><span class=\"elementor-button-text\">Edat i educaci\u00f3 sexual<\/span><\/span><\/a>                    <\/div>\r\n                    <div class=\"col-md-6\">\r\n                        <div class=\"svg-block video-block\">\r\n                            <img decoding=\"async\" src=\"https:\/\/childrensrightsup.eu\/wp-content\/themes\/childit\/assets\/img\/lazy.png\" class=\"video-prev lazy\" data-src=\"https:\/\/childrensrightsup.eu\/wp-content\/uploads\/2022\/06\/3-iStock-1294889822.jpg\" alt=\"\">\r\n                        <\/div>\r\n                    <\/div>\r\n                <\/div>\r\n            <\/div>\r\n        <\/section>\r\n        \t\t<\/div>\n\t\t\t\t<\/div>\n\t\t\t\t\t<\/div>\n\t\t<\/div>\n\t\t\t\t\t<\/div>\n\t\t<\/section>\n\t\t\t\t<section class=\"elementor-section elementor-top-section elementor-element elementor-element-15cb6a3 elementor-section-stretched elementor-section-full_width elementor-section-height-default elementor-section-height-default\" data-id=\"15cb6a3\" data-element_type=\"section\" data-settings=\"{&quot;stretch_section&quot;:&quot;section-stretched&quot;}\">\n\t\t\t\t\t\t<div class=\"elementor-container elementor-column-gap-default\">\n\t\t\t\t\t<div class=\"elementor-column elementor-col-100 elementor-top-column elementor-element elementor-element-762af03\" data-id=\"762af03\" data-element_type=\"column\">\n\t\t\t<div class=\"elementor-widget-wrap\">\n\t\t\t\t\t\t\t<\/div>\n\t\t<\/div>\n\t\t\t\t\t<\/div>\n\t\t<\/section>\n\t\t\t\t<\/div>\n\t\t","protected":false},"excerpt":{"rendered":"<p>Output 4 El kit per a fam\u00edlies El KIT PER A FAM\u00cdLIES s&#8217;adre\u00e7a a totes les fam\u00edlies independentment del seu origen cultural o socioecon\u00f2mic, composici\u00f3, \u00e8tnia, religi\u00f3, orientaci\u00f3 sexual o nacionalitat i ha estat creat per: Ajudar a les fam\u00edlies i altres membres de la fam\u00edlia i cuidadors a comprendre el desenvolupament sexual dels infants [&hellip;]<\/p>\n","protected":false},"author":1,"featured_media":2421,"parent":0,"menu_order":0,"comment_status":"closed","ping_status":"closed","template":"","meta":{"inline_featured_image":false,"footnotes":""},"class_list":["post-2477","page","type-page","status-publish","has-post-thumbnail","hentry"],"_links":{"self":[{"href":"https:\/\/childrensrightsup.eu\/ca\/wp-json\/wp\/v2\/pages\/2477","targetHints":{"allow":["GET"]}}],"collection":[{"href":"https:\/\/childrensrightsup.eu\/ca\/wp-json\/wp\/v2\/pages"}],"about":[{"href":"https:\/\/childrensrightsup.eu\/ca\/wp-json\/wp\/v2\/types\/page"}],"author":[{"embeddable":true,"href":"https:\/\/childrensrightsup.eu\/ca\/wp-json\/wp\/v2\/users\/1"}],"replies":[{"embeddable":true,"href":"https:\/\/childrensrightsup.eu\/ca\/wp-json\/wp\/v2\/comments?post=2477"}],"version-history":[{"count":145,"href":"https:\/\/childrensrightsup.eu\/ca\/wp-json\/wp\/v2\/pages\/2477\/revisions"}],"predecessor-version":[{"id":5465,"href":"https:\/\/childrensrightsup.eu\/ca\/wp-json\/wp\/v2\/pages\/2477\/revisions\/5465"}],"wp:featuredmedia":[{"embeddable":true,"href":"https:\/\/childrensrightsup.eu\/ca\/wp-json\/wp\/v2\/media\/2421"}],"wp:attachment":[{"href":"https:\/\/childrensrightsup.eu\/ca\/wp-json\/wp\/v2\/media?parent=2477"}],"curies":[{"name":"wp","href":"https:\/\/api.w.org\/{rel}","templated":true}]}}